{"id":1499,"date":"2022-08-01T18:04:38","date_gmt":"2022-08-01T18:04:38","guid":{"rendered":"faifaculdade.com.br\/portal\/?page_id=1499"},"modified":"2023-05-03T19:11:30","modified_gmt":"2023-05-03T19:11:30","slug":"prouni-fies-profai","status":"publish","type":"page","link":"https:\/\/faifaculdade.com.br\/portal\/prouni-fies-profai\/","title":{"rendered":"Prouni, Fies, Profai"},"content":{"rendered":"\t\t<div data-elementor-type=\"wp-page\" data-elementor-id=\"1499\" class=\"elementor elementor-1499\">\n\t\t\t\t\t\t<section class=\"elementor-section elementor-top-section elementor-element elementor-element-94ce0d6 elementor-section-boxed elementor-section-height-default elementor-section-height-default\" data-id=\"94ce0d6\" data-element_type=\"section\" data-e-type=\"section\">\n\t\t\t\t\t\t<div class=\"elementor-container elementor-column-gap-default\">\n\t\t\t\t\t<div class=\"elementor-column elementor-col-50 elementor-top-column elementor-element elementor-element-d78944a\" data-id=\"d78944a\" data-element_type=\"column\" data-e-type=\"column\">\n\t\t\t<div class=\"elementor-widget-wrap elementor-element-populated\">\n\t\t\t\t\t\t<div class=\"elementor-element elementor-element-8ee1468 elementor-widget elementor-widget-image\" data-id=\"8ee1468\" data-element_type=\"widget\" data-e-type=\"widget\" data-widget_type=\"image.default\">\n\t\t\t\t<div class=\"elementor-widget-container\">\n\t\t\t\t\t\t\t\t\t\t\t\t\t\t\t<img decoding=\"async\" width=\"150\" height=\"150\" src=\"https:\/\/faifaculdade.com.br\/portal\/wp-content\/uploads\/2022\/08\/fies-150x150.jpg\" class=\"attachment-thumbnail size-thumbnail wp-image-1502\" alt=\"\" \/>\t\t\t\t\t\t\t\t\t\t\t\t\t\t\t<\/div>\n\t\t\t\t<\/div>\n\t\t\t\t<div class=\"elementor-element elementor-element-348e10b elementor-widget elementor-widget-text-editor\" data-id=\"348e10b\" data-element_type=\"widget\" data-e-type=\"widget\" data-widget_type=\"text-editor.default\">\n\t\t\t\t<div class=\"elementor-widget-container\">\n\t\t\t\t\t\t\t\t\t<div class=\"col-md-12\"><h3 style=\"text-align: justify;\">FIES<\/h3><p style=\"text-align: justify;\">Os alunos da FAI podem contar com o Cr\u00e9dito Educativo do Governo Federal, <b>o FIES \u2013 Financiamento Estudantil<\/b>.<\/p><h3 style=\"text-align: justify;\">O que \u00e9 o FIES?<\/h3><p style=\"text-align: justify;\">O Fundo de Financiamento Estudantil (Fies) \u00e9 o programa do Minist\u00e9rio da Educa\u00e7\u00e3o que financia cursos superiores n\u00e3o gratuitos e com avalia\u00e7\u00e3o positiva no Sistema Nacional de Avalia\u00e7\u00e3o da Educa\u00e7\u00e3o Superior (Sinaes).<\/p><h3 style=\"text-align: justify;\">Quem pode se candidatar ao FIES?<\/h3><p style=\"text-align: justify;\">Pode se inscrever no processo seletivo do Fies do segundo semestre de 2015 o estudante que:<\/p><ul style=\"text-align: justify;\"><li>N\u00e3o tenha conclu\u00eddo curso superior.<\/li><li>Tenha renda familiar mensal bruta, por pessoa, de at\u00e9 dois e meio sal\u00e1rios m\u00ednimos.<\/li><li>Tenha participado de alguma das edi\u00e7\u00f5es do Exame Nacional do Ensino M\u00e9dio (Enem) a partir de 2010 e obtido nota m\u00ednima de 450 pontos na m\u00e9dia das provas e nota na reda\u00e7\u00e3o que n\u00e3o seja zero.<\/li><\/ul><p style=\"text-align: justify;\">Podem se inscrever ainda, independentemente de terem participado do Enem:<\/p><ul style=\"text-align: justify;\"><li>Os estudantes que tenham tenha conclu\u00eddo o ensino m\u00e9dio antes de 2010.<\/li><li>Os professores do quadro permanente da rede p\u00fablica de ensino, em efetivo exerc\u00edcio na educa\u00e7\u00e3o b\u00e1sica, desde que se inscrevam em cursos de licenciatura, normal superior ou pedagogia na sua \u00e1rea de atua\u00e7\u00e3o. Nesse caso, podem participar tamb\u00e9m os professores que j\u00e1 tenham conclu\u00eddo curso superior.<\/li><\/ul><h3 style=\"text-align: justify;\">Quem n\u00e3o pode se candidatar ao FIES?<\/h3><p style=\"text-align: justify;\">\u00c9 vedada a inscri\u00e7\u00e3o no FIES a estudantes:<\/p><ul style=\"text-align: justify;\"><li>Cuja matr\u00edcula acad\u00eamica esteja em situa\u00e7\u00e3o de trancamento geral de disciplinas no momento da inscri\u00e7\u00e3o;<\/li><li>Que j\u00e1 tenha sido beneficiado com financiamento do FIES;<\/li><li>Inadimplente com o Programa de Cr\u00e9dito Educativo (PCE\/CREDUC);<\/li><li>Cujo percentual de comprometimento da renda familiar mensal bruta per capita seja inferior a 20% (vinte por cento).<\/li><\/ul><h3 style=\"text-align: justify;\">Informa\u00e7\u00f5es adicionais sobre a entrevista:<\/h3><p style=\"text-align: justify;\">A entrevista tem como objetivo confirmar as informa\u00e7\u00f5es prestadas pelo candidato na ficha de inscri\u00e7\u00e3o. No dia da entrevista o candidato dever\u00e1 comparecer munido dos documentos abaixo descritos:<\/p><ul style=\"text-align: justify;\"><li>Protocolo de inscri\u00e7\u00e3o, impresso ap\u00f3s a conclus\u00e3o do preenchimento da ficha de inscri\u00e7\u00e3o;<\/li><li>Documento de identidade pr\u00f3pria e dos demais componentes do grupo familiar (se menor de 18 anos, pode ser apresentada certid\u00e3o de nascimento);<\/li><li>CPF de todos os membros do grupo familiar com idade entre 18 e 65 anos, exceto os civilmente incapazes;<\/li><li>Comprovante de resid\u00eancia dos membros do grupo familiar;<\/li><li>Comprovantes dos per\u00edodos letivos cursados em escola p\u00fablica;<\/li><li>Comprovante de v\u00ednculo empregat\u00edcio emitido pela institui\u00e7\u00e3o de ensino na qual o estudante atua como professor da educa\u00e7\u00e3o infantil, ensino fundamental ou ensino m\u00e9dio;<\/li><li>Laudo atestando a esp\u00e9cie e o grau de defici\u00eancia, nos termos do art. 4\u00ba do Decreto n.\u00ba 3.298, de 20 de dezembro de 1999, com reda\u00e7\u00e3o alterada pelo Decreto n.\u00ba 5.296, 02 de dezembro de 2004, com expressa refer\u00eancia ao c\u00f3digo correspondente da Classifica\u00e7\u00e3o Internacional de Doen\u00e7as \u2013 CID, quando for o caso;<\/li><li>Comprovante de rendimentos do estudante e dos integrantes de seu grupo familiar;<\/li><li>Comprovante de separa\u00e7\u00e3o ou div\u00f3rcio dos pais, ou certid\u00e3o de \u00f3bito, no caso de um deles n\u00e3o constar do grupo familiar do candidato por essas raz\u00f5es;<\/li><li>Hist\u00f3rico escolar do \u00faltimo per\u00edodo letivo conclu\u00eddo na educa\u00e7\u00e3o superior, independentemente de transfer\u00eancia acad\u00eamica.<\/li><\/ul><h3 style=\"text-align: left;\">CPSA &#8211; Comiss\u00e3o Permanente de Supervis\u00e3o e Acompanhamento<\/h3><p style=\"text-align: justify;\">A CPSA tem por finalidade analisar e validar a pertin\u00eancia e veracidade das informa\u00e7\u00f5es prestadas pelo aluno no m\u00f3dulo de inscri\u00e7\u00e3o do SISFIES, bem como da documenta\u00e7\u00e3o por este apresentada para habilita\u00e7\u00e3o ao financiamento estudantil, na forma da Lei n\u00ba 10.260\/2001 e demais normas que regulamentam o FIES.<\/p><\/div>\t\t\t\t\t\t\t\t<\/div>\n\t\t\t\t<\/div>\n\t\t\t\t\t<\/div>\n\t\t<\/div>\n\t\t\t\t<div class=\"elementor-column elementor-col-50 elementor-top-column elementor-element elementor-element-9de2afb\" data-id=\"9de2afb\" data-element_type=\"column\" data-e-type=\"column\">\n\t\t\t<div class=\"elementor-widget-wrap elementor-element-populated\">\n\t\t\t\t\t\t<div class=\"elementor-element elementor-element-fec7090 elementor-widget elementor-widget-image\" data-id=\"fec7090\" data-element_type=\"widget\" data-e-type=\"widget\" data-widget_type=\"image.default\">\n\t\t\t\t<div class=\"elementor-widget-container\">\n\t\t\t\t\t\t\t\t\t\t\t\t\t\t\t<img fetchpriority=\"high\" decoding=\"async\" width=\"800\" height=\"144\" src=\"https:\/\/faifaculdade.com.br\/portal\/wp-content\/uploads\/2022\/08\/marca_profai-1024x184.png\" class=\"attachment-large size-large wp-image-1503\" alt=\"\" srcset=\"https:\/\/faifaculdade.com.br\/portal\/wp-content\/uploads\/2022\/08\/marca_profai-1024x184.png 1024w, https:\/\/faifaculdade.com.br\/portal\/wp-content\/uploads\/2022\/08\/marca_profai-300x54.png 300w, https:\/\/faifaculdade.com.br\/portal\/wp-content\/uploads\/2022\/08\/marca_profai-768x138.png 768w, https:\/\/faifaculdade.com.br\/portal\/wp-content\/uploads\/2022\/08\/marca_profai-1536x276.png 1536w, https:\/\/faifaculdade.com.br\/portal\/wp-content\/uploads\/2022\/08\/marca_profai-2048x367.png 2048w\" sizes=\"(max-width: 800px) 100vw, 800px\" \/>\t\t\t\t\t\t\t\t\t\t\t\t\t\t\t<\/div>\n\t\t\t\t<\/div>\n\t\t\t\t<div class=\"elementor-element elementor-element-c98c591 elementor-widget elementor-widget-text-editor\" data-id=\"c98c591\" data-element_type=\"widget\" data-e-type=\"widget\" data-widget_type=\"text-editor.default\">\n\t\t\t\t<div class=\"elementor-widget-container\">\n\t\t\t\t\t\t\t\t\t<h3 style=\"text-align: justify;\">\u00a0PROFAI<\/h3><p style=\"text-align: justify;\">O Programa de Parcelamento Pr\u00f3prio da FAI (PROFAI) tem como objetivo conceder financiamento a estudantes com renda familiar per capita de at\u00e9 tr\u00eas sal\u00e1rios m\u00ednimos matriculados nos cursos superiores de Gradua\u00e7\u00e3o da FAI. Com uma proposta moderna, o PROFAI financia 50% do valor da mensalidade dos nossos cursos, possibilitando o pagamento ap\u00f3s o t\u00e9rmino do curso a juros zero!<\/p><h3 style=\"text-align: justify;\">Inscri\u00e7\u00f5es<\/h3><p style=\"text-align: justify;\">Poder\u00e3o se inscrever no Profai qualquer calouro que tenha se <b>matriculado na FAI<\/b>, a partir do <b>Processo Seletivo Continuado 2021.1.<\/b> Ressaltamos que os estudantes que se candidatarem ao Programa, n\u00e3o devem possuir qualquer outro tipo de benef\u00edcio estudantil, como bolsas, financiamentos, conv\u00eanios ou incentivos privados, Municipais, Estaduais ou Federais.<\/p><p style=\"text-align: justify;\">Os candidatos dever\u00e3o ainda preencher e entregar um <a href=\"http:\/\/www.faifaculdade.com.br\/servicos\/profai\/questionario\"> <b>question\u00e1rio socioecon\u00f4mico<\/b> <\/a> (dispon\u00edvel no portal da FAI), conseguir um fiador e estar em dia com seus compromissos acad\u00eamicos. Veja:<\/p><p style=\"text-align: justify;\"><img decoding=\"async\" src=\"https:\/\/faifaculdade.sfo2.digitaloceanspaces.com\/portal\/profai\/profaicorrigido.jpeg\" alt=\"Infogr\u00e1fico PROFAI\" \/><\/p><p style=\"text-align: justify;\">Lembramos tamb\u00e9m que <b>o aluno contemplado pelo FIES ou PROUNI<\/b>, que n\u00e3o tenha cancelado o processo para obten\u00e7\u00e3o do benef\u00edcio, n\u00e3o poder\u00e1 participar do Programa PROFAI. Ou seja: o PROFAI n\u00e3o pode ser acumulado com esses outros programas. Tamb\u00e9m n\u00e3o poder\u00e1 participar do PROFAI, aqueles alunos que tenha renunciado no passado ao benef\u00edcio ou que tenham perdido sua condi\u00e7\u00e3o de financiados (<a href=\"http:\/\/www.faifaculdade.com.br\/servicos\/profai\/regulamento\"><b>consulte o Regulamento do PROFAI<\/b><\/a>).<\/p><h3 style=\"text-align: justify;\">E ent\u00e3o? Est\u00e1 esperando o qu\u00ea para ser FAI?<\/h3><p style=\"text-align: justify;\"><img decoding=\"async\" src=\"https:\/\/faifaculdade.com.br\/img\/estudante-com-diploma.png\" alt=\"FINANCIE 50% da Mensalidade\" \/><\/p><p style=\"text-align: justify;\">Ao instituir seu Programa de parcelamento estudantil pr\u00f3prio, a FAI assume a responsabilidade de promover a educa\u00e7\u00e3o superior em sua regi\u00e3o e Estado, ajudando aqueles estudantes que mais precisam a realizar o sonho da gradua\u00e7\u00e3o. Agora, voc\u00ea pode estudar pagando menos por m\u00eas, e com taxa de juros zero!<\/p><p style=\"text-align: justify;\">Ent\u00e3o n\u00e3o perca tempo se informe mais sobre os cursos da FAI e venha construir um futuro brilhante com a Institui\u00e7\u00e3o de Ensino Superior que mais cresce na Bahia! Agende sua prova hoje mesmo, matricule-se em um dos nossos cursos e solicite o seu PROFAI! Acesse agora mesmo o <a href=\"http:\/\/www.faifaculdade.com.br\/servicos\/profai\/regulamento\"><b>Regulamento do Programa<\/b> <\/a> e se informe.<\/p><p style=\"text-align: justify;\">Mais informa\u00e7\u00f5es:<\/p><p style=\"text-align: justify;\">(74) 3641-8000<\/p><p style=\"text-align: justify;\">(74) 99904-3106 (Whatsapp)<\/p>\t\t\t\t\t\t\t\t<\/div>\n\t\t\t\t<\/div>\n\t\t\t\t<div class=\"elementor-element elementor-element-a823a59 elementor-widget elementor-widget-toggle\" data-id=\"a823a59\" data-element_type=\"widget\" data-e-type=\"widget\" data-widget_type=\"toggle.default\">\n\t\t\t\t<div class=\"elementor-widget-container\">\n\t\t\t\t\t\t\t<div class=\"elementor-toggle\">\n\t\t\t\t\t\t\t<div class=\"elementor-toggle-item\">\n\t\t\t\t\t<div id=\"elementor-tab-title-1761\" class=\"elementor-tab-title\" data-tab=\"1\" role=\"button\" aria-controls=\"elementor-tab-content-1761\" aria-expanded=\"false\">\n\t\t\t\t\t\t\t\t\t\t\t\t<span class=\"elementor-toggle-icon elementor-toggle-icon-left\" aria-hidden=\"true\">\n\t\t\t\t\t\t\t\t\t\t\t\t\t\t\t<span class=\"elementor-toggle-icon-closed\"><i class=\"fas fa-caret-right\"><\/i><\/span>\n\t\t\t\t\t\t\t\t<span class=\"elementor-toggle-icon-opened\"><i class=\"elementor-toggle-icon-opened fas fa-caret-up\"><\/i><\/span>\n\t\t\t\t\t\t\t\t\t\t\t\t\t<\/span>\n\t\t\t\t\t\t\t\t\t\t\t\t<a class=\"elementor-toggle-title\" tabindex=\"0\">Edital<\/a>\n\t\t\t\t\t<\/div>\n\n\t\t\t\t\t<div id=\"elementor-tab-content-1761\" class=\"elementor-tab-content elementor-clearfix\" data-tab=\"1\" role=\"region\" aria-labelledby=\"elementor-tab-title-1761\"><p><a href=\"https:\/\/faifaculdade.com.br\/Edital_N_002-PROFAI.pdf\">Edital PROFAI<\/a><\/p><\/div>\n\t\t\t\t<\/div>\n\t\t\t\t\t\t\t<div class=\"elementor-toggle-item\">\n\t\t\t\t\t<div id=\"elementor-tab-title-1762\" class=\"elementor-tab-title\" data-tab=\"2\" role=\"button\" aria-controls=\"elementor-tab-content-1762\" aria-expanded=\"false\">\n\t\t\t\t\t\t\t\t\t\t\t\t<span class=\"elementor-toggle-icon elementor-toggle-icon-left\" aria-hidden=\"true\">\n\t\t\t\t\t\t\t\t\t\t\t\t\t\t\t<span class=\"elementor-toggle-icon-closed\"><i class=\"fas fa-caret-right\"><\/i><\/span>\n\t\t\t\t\t\t\t\t<span class=\"elementor-toggle-icon-opened\"><i class=\"elementor-toggle-icon-opened fas fa-caret-up\"><\/i><\/span>\n\t\t\t\t\t\t\t\t\t\t\t\t\t<\/span>\n\t\t\t\t\t\t\t\t\t\t\t\t<a class=\"elementor-toggle-title\" tabindex=\"0\">Regulamento<\/a>\n\t\t\t\t\t<\/div>\n\n\t\t\t\t\t<div id=\"elementor-tab-content-1762\" class=\"elementor-tab-content elementor-clearfix\" data-tab=\"2\" role=\"region\" aria-labelledby=\"elementor-tab-title-1762\"><p><a href=\"https:\/\/faifaculdade.com.br\/RegulamentoPROFAI.pdf\">Regulamento PROFAI<\/a><\/p><\/div>\n\t\t\t\t<\/div>\n\t\t\t\t\t\t\t<div class=\"elementor-toggle-item\">\n\t\t\t\t\t<div id=\"elementor-tab-title-1763\" class=\"elementor-tab-title\" data-tab=\"3\" role=\"button\" aria-controls=\"elementor-tab-content-1763\" aria-expanded=\"false\">\n\t\t\t\t\t\t\t\t\t\t\t\t<span class=\"elementor-toggle-icon elementor-toggle-icon-left\" aria-hidden=\"true\">\n\t\t\t\t\t\t\t\t\t\t\t\t\t\t\t<span class=\"elementor-toggle-icon-closed\"><i class=\"fas fa-caret-right\"><\/i><\/span>\n\t\t\t\t\t\t\t\t<span class=\"elementor-toggle-icon-opened\"><i class=\"elementor-toggle-icon-opened fas fa-caret-up\"><\/i><\/span>\n\t\t\t\t\t\t\t\t\t\t\t\t\t<\/span>\n\t\t\t\t\t\t\t\t\t\t\t\t<a class=\"elementor-toggle-title\" tabindex=\"0\">Questionario<\/a>\n\t\t\t\t\t<\/div>\n\n\t\t\t\t\t<div id=\"elementor-tab-content-1763\" class=\"elementor-tab-content elementor-clearfix\" data-tab=\"3\" role=\"region\" aria-labelledby=\"elementor-tab-title-1763\"><p><a href=\"https:\/\/faifaculdade.com.br\/questionariosocioeconomico.pdf\">Questionario PROFAI<\/a><\/p><\/div>\n\t\t\t\t<\/div>\n\t\t\t\t\t\t\t<div class=\"elementor-toggle-item\">\n\t\t\t\t\t<div id=\"elementor-tab-title-1764\" class=\"elementor-tab-title\" data-tab=\"4\" role=\"button\" aria-controls=\"elementor-tab-content-1764\" aria-expanded=\"false\">\n\t\t\t\t\t\t\t\t\t\t\t\t<span class=\"elementor-toggle-icon elementor-toggle-icon-left\" aria-hidden=\"true\">\n\t\t\t\t\t\t\t\t\t\t\t\t\t\t\t<span class=\"elementor-toggle-icon-closed\"><i class=\"fas fa-caret-right\"><\/i><\/span>\n\t\t\t\t\t\t\t\t<span class=\"elementor-toggle-icon-opened\"><i class=\"elementor-toggle-icon-opened fas fa-caret-up\"><\/i><\/span>\n\t\t\t\t\t\t\t\t\t\t\t\t\t<\/span>\n\t\t\t\t\t\t\t\t\t\t\t\t<a class=\"elementor-toggle-title\" tabindex=\"0\">Lista de Convocados<\/a>\n\t\t\t\t\t<\/div>\n\n\t\t\t\t\t<div id=\"elementor-tab-content-1764\" class=\"elementor-tab-content elementor-clearfix\" data-tab=\"4\" role=\"region\" aria-labelledby=\"elementor-tab-title-1764\"><p><a href=\"https:\/\/faifaculdade.com.br\/lista_de_aprovados_profai_2022.1.pdf\">Lista de convocados PROFAI<\/a><\/p><\/div>\n\t\t\t\t<\/div>\n\t\t\t\t\t\t\t\t<\/div>\n\t\t\t\t\t\t<\/div>\n\t\t\t\t<\/div>\n\t\t\t\t\t<\/div>\n\t\t<\/div>\n\t\t\t\t\t<\/div>\n\t\t<\/section>\n\t\t\t\t<\/div>\n\t\t","protected":false},"excerpt":{"rendered":"<p>FIES Os alunos da FAI podem contar com o Cr\u00e9dito Educativo do Governo Federal, o FIES \u2013 Financiamento Estudantil. O<\/p>\n","protected":false},"author":1,"featured_media":0,"parent":0,"menu_order":0,"comment_status":"closed","ping_status":"closed","template":"","meta":{"_editorskit_title_hidden":false,"_editorskit_reading_time":0,"_editorskit_is_block_options_detached":false,"_editorskit_block_options_position":"{}","footnotes":""},"class_list":["post-1499","page","type-page","status-publish","hentry"],"yoast_head":"<!-- This site is optimized with the Yoast SEO plugin v27.5 - https:\/\/yoast.com\/product\/yoast-seo-wordpress\/ -->\n<title>Prouni, Fies, Profai - FAI - Faculdade Irec\u00ea<\/title>\n<meta name=\"robots\" content=\"index, follow, max-snippet:-1, max-image-preview:large, max-video-preview:-1\" \/>\n<link rel=\"canonical\" href=\"https:\/\/faifaculdade.com.br\/portal\/prouni-fies-profai\/\" \/>\n<meta property=\"og:locale\" content=\"pt_BR\" \/>\n<meta property=\"og:type\" content=\"article\" \/>\n<meta property=\"og:title\" content=\"Prouni, Fies, Profai - FAI - Faculdade Irec\u00ea\" \/>\n<meta property=\"og:description\" content=\"FIES Os alunos da FAI podem contar com o Cr\u00e9dito Educativo do Governo Federal, o FIES \u2013 Financiamento Estudantil. O\" \/>\n<meta property=\"og:url\" content=\"https:\/\/faifaculdade.com.br\/portal\/prouni-fies-profai\/\" \/>\n<meta property=\"og:site_name\" content=\"FAI - Faculdade Irec\u00ea\" \/>\n<meta property=\"article:publisher\" content=\"https:\/\/www.facebook.com\/faifaculdade\" \/>\n<meta property=\"article:modified_time\" content=\"2023-05-03T19:11:30+00:00\" \/>\n<meta property=\"og:image\" content=\"https:\/\/faifaculdade.sfo2.digitaloceanspaces.com\/portal\/profai\/profaicorrigido.jpeg\" \/>\n<meta name=\"twitter:card\" content=\"summary_large_image\" \/>\n<meta name=\"twitter:label1\" content=\"Est. tempo de leitura\" \/>\n\t<meta name=\"twitter:data1\" content=\"5 minutos\" \/>\n<script type=\"application\/ld+json\" class=\"yoast-schema-graph\">{\"@context\":\"https:\\\/\\\/schema.org\",\"@graph\":[{\"@type\":\"WebPage\",\"@id\":\"https:\\\/\\\/faifaculdade.com.br\\\/portal\\\/prouni-fies-profai\\\/\",\"url\":\"https:\\\/\\\/faifaculdade.com.br\\\/portal\\\/prouni-fies-profai\\\/\",\"name\":\"Prouni, Fies, Profai - FAI - Faculdade Irec\u00ea\",\"isPartOf\":{\"@id\":\"https:\\\/\\\/faifaculdade.com.br\\\/portal\\\/#website\"},\"primaryImageOfPage\":{\"@id\":\"https:\\\/\\\/faifaculdade.com.br\\\/portal\\\/prouni-fies-profai\\\/#primaryimage\"},\"image\":{\"@id\":\"https:\\\/\\\/faifaculdade.com.br\\\/portal\\\/prouni-fies-profai\\\/#primaryimage\"},\"thumbnailUrl\":\"https:\\\/\\\/faifaculdade.sfo2.digitaloceanspaces.com\\\/portal\\\/profai\\\/profaicorrigido.jpeg\",\"datePublished\":\"2022-08-01T18:04:38+00:00\",\"dateModified\":\"2023-05-03T19:11:30+00:00\",\"breadcrumb\":{\"@id\":\"https:\\\/\\\/faifaculdade.com.br\\\/portal\\\/prouni-fies-profai\\\/#breadcrumb\"},\"inLanguage\":\"pt-BR\",\"potentialAction\":[{\"@type\":\"ReadAction\",\"target\":[\"https:\\\/\\\/faifaculdade.com.br\\\/portal\\\/prouni-fies-profai\\\/\"]}]},{\"@type\":\"ImageObject\",\"inLanguage\":\"pt-BR\",\"@id\":\"https:\\\/\\\/faifaculdade.com.br\\\/portal\\\/prouni-fies-profai\\\/#primaryimage\",\"url\":\"https:\\\/\\\/faifaculdade.sfo2.digitaloceanspaces.com\\\/portal\\\/profai\\\/profaicorrigido.jpeg\",\"contentUrl\":\"https:\\\/\\\/faifaculdade.sfo2.digitaloceanspaces.com\\\/portal\\\/profai\\\/profaicorrigido.jpeg\"},{\"@type\":\"BreadcrumbList\",\"@id\":\"https:\\\/\\\/faifaculdade.com.br\\\/portal\\\/prouni-fies-profai\\\/#breadcrumb\",\"itemListElement\":[{\"@type\":\"ListItem\",\"position\":1,\"name\":\"In\u00edcio\",\"item\":\"https:\\\/\\\/faifaculdade.com.br\\\/portal\\\/\"},{\"@type\":\"ListItem\",\"position\":2,\"name\":\"Prouni, Fies, Profai\"}]},{\"@type\":\"WebSite\",\"@id\":\"https:\\\/\\\/faifaculdade.com.br\\\/portal\\\/#website\",\"url\":\"https:\\\/\\\/faifaculdade.com.br\\\/portal\\\/\",\"name\":\"FAI - Faculdade Irec\u00ea\",\"description\":\"Portal da Faculdade Irec\u00ea\",\"publisher\":{\"@id\":\"https:\\\/\\\/faifaculdade.com.br\\\/portal\\\/#organization\"},\"potentialAction\":[{\"@type\":\"SearchAction\",\"target\":{\"@type\":\"EntryPoint\",\"urlTemplate\":\"https:\\\/\\\/faifaculdade.com.br\\\/portal\\\/?s={search_term_string}\"},\"query-input\":{\"@type\":\"PropertyValueSpecification\",\"valueRequired\":true,\"valueName\":\"search_term_string\"}}],\"inLanguage\":\"pt-BR\"},{\"@type\":\"Organization\",\"@id\":\"https:\\\/\\\/faifaculdade.com.br\\\/portal\\\/#organization\",\"name\":\"FAI - Faculdade Irec\u00ea\",\"url\":\"https:\\\/\\\/faifaculdade.com.br\\\/portal\\\/\",\"logo\":{\"@type\":\"ImageObject\",\"inLanguage\":\"pt-BR\",\"@id\":\"https:\\\/\\\/faifaculdade.com.br\\\/portal\\\/#\\\/schema\\\/logo\\\/image\\\/\",\"url\":\"https:\\\/\\\/faifaculdade.com.br\\\/portal\\\/wp-content\\\/uploads\\\/2023\\\/04\\\/cropped-FAI.png\",\"contentUrl\":\"https:\\\/\\\/faifaculdade.com.br\\\/portal\\\/wp-content\\\/uploads\\\/2023\\\/04\\\/cropped-FAI.png\",\"width\":3000,\"height\":1201,\"caption\":\"FAI - Faculdade Irec\u00ea\"},\"image\":{\"@id\":\"https:\\\/\\\/faifaculdade.com.br\\\/portal\\\/#\\\/schema\\\/logo\\\/image\\\/\"},\"sameAs\":[\"https:\\\/\\\/www.facebook.com\\\/faifaculdade\",\"https:\\\/\\\/www.instagram.com\\\/faifaculdade\\\/\"]}]}<\/script>\n<!-- \/ Yoast SEO plugin. -->","yoast_head_json":{"title":"Prouni, Fies, Profai - FAI - Faculdade Irec\u00ea","robots":{"index":"index","follow":"follow","max-snippet":"max-snippet:-1","max-image-preview":"max-image-preview:large","max-video-preview":"max-video-preview:-1"},"canonical":"https:\/\/faifaculdade.com.br\/portal\/prouni-fies-profai\/","og_locale":"pt_BR","og_type":"article","og_title":"Prouni, Fies, Profai - FAI - Faculdade Irec\u00ea","og_description":"FIES Os alunos da FAI podem contar com o Cr\u00e9dito Educativo do Governo Federal, o FIES \u2013 Financiamento Estudantil. O","og_url":"https:\/\/faifaculdade.com.br\/portal\/prouni-fies-profai\/","og_site_name":"FAI - Faculdade Irec\u00ea","article_publisher":"https:\/\/www.facebook.com\/faifaculdade","article_modified_time":"2023-05-03T19:11:30+00:00","og_image":[{"url":"https:\/\/faifaculdade.sfo2.digitaloceanspaces.com\/portal\/profai\/profaicorrigido.jpeg","type":"","width":"","height":""}],"twitter_card":"summary_large_image","twitter_misc":{"Est. tempo de leitura":"5 minutos"},"schema":{"@context":"https:\/\/schema.org","@graph":[{"@type":"WebPage","@id":"https:\/\/faifaculdade.com.br\/portal\/prouni-fies-profai\/","url":"https:\/\/faifaculdade.com.br\/portal\/prouni-fies-profai\/","name":"Prouni, Fies, Profai - FAI - Faculdade Irec\u00ea","isPartOf":{"@id":"https:\/\/faifaculdade.com.br\/portal\/#website"},"primaryImageOfPage":{"@id":"https:\/\/faifaculdade.com.br\/portal\/prouni-fies-profai\/#primaryimage"},"image":{"@id":"https:\/\/faifaculdade.com.br\/portal\/prouni-fies-profai\/#primaryimage"},"thumbnailUrl":"https:\/\/faifaculdade.sfo2.digitaloceanspaces.com\/portal\/profai\/profaicorrigido.jpeg","datePublished":"2022-08-01T18:04:38+00:00","dateModified":"2023-05-03T19:11:30+00:00","breadcrumb":{"@id":"https:\/\/faifaculdade.com.br\/portal\/prouni-fies-profai\/#breadcrumb"},"inLanguage":"pt-BR","potentialAction":[{"@type":"ReadAction","target":["https:\/\/faifaculdade.com.br\/portal\/prouni-fies-profai\/"]}]},{"@type":"ImageObject","inLanguage":"pt-BR","@id":"https:\/\/faifaculdade.com.br\/portal\/prouni-fies-profai\/#primaryimage","url":"https:\/\/faifaculdade.sfo2.digitaloceanspaces.com\/portal\/profai\/profaicorrigido.jpeg","contentUrl":"https:\/\/faifaculdade.sfo2.digitaloceanspaces.com\/portal\/profai\/profaicorrigido.jpeg"},{"@type":"BreadcrumbList","@id":"https:\/\/faifaculdade.com.br\/portal\/prouni-fies-profai\/#breadcrumb","itemListElement":[{"@type":"ListItem","position":1,"name":"In\u00edcio","item":"https:\/\/faifaculdade.com.br\/portal\/"},{"@type":"ListItem","position":2,"name":"Prouni, Fies, Profai"}]},{"@type":"WebSite","@id":"https:\/\/faifaculdade.com.br\/portal\/#website","url":"https:\/\/faifaculdade.com.br\/portal\/","name":"FAI - Faculdade Irec\u00ea","description":"Portal da Faculdade Irec\u00ea","publisher":{"@id":"https:\/\/faifaculdade.com.br\/portal\/#organization"},"potentialAction":[{"@type":"SearchAction","target":{"@type":"EntryPoint","urlTemplate":"https:\/\/faifaculdade.com.br\/portal\/?s={search_term_string}"},"query-input":{"@type":"PropertyValueSpecification","valueRequired":true,"valueName":"search_term_string"}}],"inLanguage":"pt-BR"},{"@type":"Organization","@id":"https:\/\/faifaculdade.com.br\/portal\/#organization","name":"FAI - Faculdade Irec\u00ea","url":"https:\/\/faifaculdade.com.br\/portal\/","logo":{"@type":"ImageObject","inLanguage":"pt-BR","@id":"https:\/\/faifaculdade.com.br\/portal\/#\/schema\/logo\/image\/","url":"https:\/\/faifaculdade.com.br\/portal\/wp-content\/uploads\/2023\/04\/cropped-FAI.png","contentUrl":"https:\/\/faifaculdade.com.br\/portal\/wp-content\/uploads\/2023\/04\/cropped-FAI.png","width":3000,"height":1201,"caption":"FAI - Faculdade Irec\u00ea"},"image":{"@id":"https:\/\/faifaculdade.com.br\/portal\/#\/schema\/logo\/image\/"},"sameAs":["https:\/\/www.facebook.com\/faifaculdade","https:\/\/www.instagram.com\/faifaculdade\/"]}]}},"_links":{"self":[{"href":"https:\/\/faifaculdade.com.br\/portal\/wp-json\/wp\/v2\/pages\/1499","targetHints":{"allow":["GET"]}}],"collection":[{"href":"https:\/\/faifaculdade.com.br\/portal\/wp-json\/wp\/v2\/pages"}],"about":[{"href":"https:\/\/faifaculdade.com.br\/portal\/wp-json\/wp\/v2\/types\/page"}],"author":[{"embeddable":true,"href":"https:\/\/faifaculdade.com.br\/portal\/wp-json\/wp\/v2\/users\/1"}],"replies":[{"embeddable":true,"href":"https:\/\/faifaculdade.com.br\/portal\/wp-json\/wp\/v2\/comments?post=1499"}],"version-history":[{"count":10,"href":"https:\/\/faifaculdade.com.br\/portal\/wp-json\/wp\/v2\/pages\/1499\/revisions"}],"predecessor-version":[{"id":2332,"href":"https:\/\/faifaculdade.com.br\/portal\/wp-json\/wp\/v2\/pages\/1499\/revisions\/2332"}],"wp:attachment":[{"href":"https:\/\/faifaculdade.com.br\/portal\/wp-json\/wp\/v2\/media?parent=1499"}],"curies":[{"name":"wp","href":"https:\/\/api.w.org\/{rel}","templated":true}]}}