{"id":1517,"date":"2022-08-02T12:28:01","date_gmt":"2022-08-02T12:28:01","guid":{"rendered":"faifaculdade.com.br\/portal\/?page_id=1517"},"modified":"2022-08-02T12:28:53","modified_gmt":"2022-08-02T12:28:53","slug":"localizacao","status":"publish","type":"page","link":"https:\/\/faifaculdade.com.br\/portal\/localizacao\/","title":{"rendered":"Localiza\u00e7\u00e3o"},"content":{"rendered":"<div class=\"col-md-12\">\n<div class=\"subsection\">\n<div class=\"n2_ss_slider_publish__option_code\" dir=\"ltr\" style=\"text-align: center;\" data-mode=\"id\"><\/div>\n<h3 class=\"section-title\">Faculdade Irec\u00ea &#8211; FAI<\/h3>\n<div class=\"contact-info\">\n<h5>Endere\u00e7o<\/h5>\n<p>Rua Rio Igua\u00e7u, 397 &#8211; Recanto das \u00c1rvores &#8211; Irec\u00ea &#8211; Bahia<\/p>\n<h5>CEP<\/h5>\n<p>449000-000<\/p>\n<h5>Telefone<\/h5>\n<p>74 3641 8000<\/p>\n<\/div>\n<\/div>\n<\/div>\n","protected":false},"excerpt":{"rendered":"<p>Faculdade Irec\u00ea &#8211; FAI Endere\u00e7o Rua Rio Igua\u00e7u, 397 &#8211; Recanto das \u00c1rvores &#8211; Irec\u00ea &#8211; Bahia CEP 449000-000 Telefone<\/p>\n","protected":false},"author":1,"featured_media":0,"parent":0,"menu_order":0,"comment_status":"closed","ping_status":"closed","template":"","meta":{"_editorskit_title_hidden":false,"_editorskit_reading_time":0,"_editorskit_is_block_options_detached":false,"_editorskit_block_options_position":"{}","footnotes":""},"class_list":["post-1517","page","type-page","status-publish","hentry"],"yoast_head":"<!-- This site is optimized with the Yoast SEO plugin v27.5 - https:\/\/yoast.com\/product\/yoast-seo-wordpress\/ -->\n<title>Localiza\u00e7\u00e3o - FAI - Faculdade Irec\u00ea<\/title>\n<meta name=\"robots\" content=\"index, follow, max-snippet:-1, max-image-preview:large, max-video-preview:-1\" \/>\n<link rel=\"canonical\" href=\"https:\/\/faifaculdade.com.br\/portal\/localizacao\/\" \/>\n<meta property=\"og:locale\" content=\"pt_BR\" \/>\n<meta property=\"og:type\" content=\"article\" \/>\n<meta property=\"og:title\" content=\"Localiza\u00e7\u00e3o - FAI - Faculdade Irec\u00ea\" \/>\n<meta property=\"og:description\" content=\"Faculdade Irec\u00ea &#8211; FAI Endere\u00e7o Rua Rio Igua\u00e7u, 397 &#8211; Recanto das \u00c1rvores &#8211; Irec\u00ea &#8211; Bahia CEP 449000-000 Telefone\" \/>\n<meta property=\"og:url\" content=\"https:\/\/faifaculdade.com.br\/portal\/localizacao\/\" \/>\n<meta property=\"og:site_name\" content=\"FAI - Faculdade Irec\u00ea\" \/>\n<meta property=\"article:publisher\" content=\"https:\/\/www.facebook.com\/faifaculdade\" \/>\n<meta property=\"article:modified_time\" content=\"2022-08-02T12:28:53+00:00\" \/>\n<meta name=\"twitter:card\" content=\"summary_large_image\" \/>\n<script type=\"application\/ld+json\" class=\"yoast-schema-graph\">{\"@context\":\"https:\\\/\\\/schema.org\",\"@graph\":[{\"@type\":\"WebPage\",\"@id\":\"https:\\\/\\\/faifaculdade.com.br\\\/portal\\\/localizacao\\\/\",\"url\":\"https:\\\/\\\/faifaculdade.com.br\\\/portal\\\/localizacao\\\/\",\"name\":\"Localiza\u00e7\u00e3o - FAI - Faculdade Irec\u00ea\",\"isPartOf\":{\"@id\":\"https:\\\/\\\/faifaculdade.com.br\\\/portal\\\/#website\"},\"datePublished\":\"2022-08-02T12:28:01+00:00\",\"dateModified\":\"2022-08-02T12:28:53+00:00\",\"breadcrumb\":{\"@id\":\"https:\\\/\\\/faifaculdade.com.br\\\/portal\\\/localizacao\\\/#breadcrumb\"},\"inLanguage\":\"pt-BR\",\"potentialAction\":[{\"@type\":\"ReadAction\",\"target\":[\"https:\\\/\\\/faifaculdade.com.br\\\/portal\\\/localizacao\\\/\"]}]},{\"@type\":\"BreadcrumbList\",\"@id\":\"https:\\\/\\\/faifaculdade.com.br\\\/portal\\\/localizacao\\\/#breadcrumb\",\"itemListElement\":[{\"@type\":\"ListItem\",\"position\":1,\"name\":\"In\u00edcio\",\"item\":\"https:\\\/\\\/faifaculdade.com.br\\\/portal\\\/\"},{\"@type\":\"ListItem\",\"position\":2,\"name\":\"Localiza\u00e7\u00e3o\"}]},{\"@type\":\"WebSite\",\"@id\":\"https:\\\/\\\/faifaculdade.com.br\\\/portal\\\/#website\",\"url\":\"https:\\\/\\\/faifaculdade.com.br\\\/portal\\\/\",\"name\":\"FAI - Faculdade Irec\u00ea\",\"description\":\"Portal da Faculdade Irec\u00ea\",\"publisher\":{\"@id\":\"https:\\\/\\\/faifaculdade.com.br\\\/portal\\\/#organization\"},\"potentialAction\":[{\"@type\":\"SearchAction\",\"target\":{\"@type\":\"EntryPoint\",\"urlTemplate\":\"https:\\\/\\\/faifaculdade.com.br\\\/portal\\\/?s={search_term_string}\"},\"query-input\":{\"@type\":\"PropertyValueSpecification\",\"valueRequired\":true,\"valueName\":\"search_term_string\"}}],\"inLanguage\":\"pt-BR\"},{\"@type\":\"Organization\",\"@id\":\"https:\\\/\\\/faifaculdade.com.br\\\/portal\\\/#organization\",\"name\":\"FAI - Faculdade Irec\u00ea\",\"url\":\"https:\\\/\\\/faifaculdade.com.br\\\/portal\\\/\",\"logo\":{\"@type\":\"ImageObject\",\"inLanguage\":\"pt-BR\",\"@id\":\"https:\\\/\\\/faifaculdade.com.br\\\/portal\\\/#\\\/schema\\\/logo\\\/image\\\/\",\"url\":\"https:\\\/\\\/faifaculdade.com.br\\\/portal\\\/wp-content\\\/uploads\\\/2023\\\/04\\\/cropped-FAI.png\",\"contentUrl\":\"https:\\\/\\\/faifaculdade.com.br\\\/portal\\\/wp-content\\\/uploads\\\/2023\\\/04\\\/cropped-FAI.png\",\"width\":3000,\"height\":1201,\"caption\":\"FAI - Faculdade Irec\u00ea\"},\"image\":{\"@id\":\"https:\\\/\\\/faifaculdade.com.br\\\/portal\\\/#\\\/schema\\\/logo\\\/image\\\/\"},\"sameAs\":[\"https:\\\/\\\/www.facebook.com\\\/faifaculdade\",\"https:\\\/\\\/www.instagram.com\\\/faifaculdade\\\/\"]}]}<\/script>\n<!-- \/ Yoast SEO plugin. -->","yoast_head_json":{"title":"Localiza\u00e7\u00e3o - FAI - Faculdade Irec\u00ea","robots":{"index":"index","follow":"follow","max-snippet":"max-snippet:-1","max-image-preview":"max-image-preview:large","max-video-preview":"max-video-preview:-1"},"canonical":"https:\/\/faifaculdade.com.br\/portal\/localizacao\/","og_locale":"pt_BR","og_type":"article","og_title":"Localiza\u00e7\u00e3o - FAI - Faculdade Irec\u00ea","og_description":"Faculdade Irec\u00ea &#8211; FAI Endere\u00e7o Rua Rio Igua\u00e7u, 397 &#8211; Recanto das \u00c1rvores &#8211; Irec\u00ea &#8211; Bahia CEP 449000-000 Telefone","og_url":"https:\/\/faifaculdade.com.br\/portal\/localizacao\/","og_site_name":"FAI - Faculdade Irec\u00ea","article_publisher":"https:\/\/www.facebook.com\/faifaculdade","article_modified_time":"2022-08-02T12:28:53+00:00","twitter_card":"summary_large_image","schema":{"@context":"https:\/\/schema.org","@graph":[{"@type":"WebPage","@id":"https:\/\/faifaculdade.com.br\/portal\/localizacao\/","url":"https:\/\/faifaculdade.com.br\/portal\/localizacao\/","name":"Localiza\u00e7\u00e3o - FAI - Faculdade Irec\u00ea","isPartOf":{"@id":"https:\/\/faifaculdade.com.br\/portal\/#website"},"datePublished":"2022-08-02T12:28:01+00:00","dateModified":"2022-08-02T12:28:53+00:00","breadcrumb":{"@id":"https:\/\/faifaculdade.com.br\/portal\/localizacao\/#breadcrumb"},"inLanguage":"pt-BR","potentialAction":[{"@type":"ReadAction","target":["https:\/\/faifaculdade.com.br\/portal\/localizacao\/"]}]},{"@type":"BreadcrumbList","@id":"https:\/\/faifaculdade.com.br\/portal\/localizacao\/#breadcrumb","itemListElement":[{"@type":"ListItem","position":1,"name":"In\u00edcio","item":"https:\/\/faifaculdade.com.br\/portal\/"},{"@type":"ListItem","position":2,"name":"Localiza\u00e7\u00e3o"}]},{"@type":"WebSite","@id":"https:\/\/faifaculdade.com.br\/portal\/#website","url":"https:\/\/faifaculdade.com.br\/portal\/","name":"FAI - Faculdade Irec\u00ea","description":"Portal da Faculdade Irec\u00ea","publisher":{"@id":"https:\/\/faifaculdade.com.br\/portal\/#organization"},"potentialAction":[{"@type":"SearchAction","target":{"@type":"EntryPoint","urlTemplate":"https:\/\/faifaculdade.com.br\/portal\/?s={search_term_string}"},"query-input":{"@type":"PropertyValueSpecification","valueRequired":true,"valueName":"search_term_string"}}],"inLanguage":"pt-BR"},{"@type":"Organization","@id":"https:\/\/faifaculdade.com.br\/portal\/#organization","name":"FAI - Faculdade Irec\u00ea","url":"https:\/\/faifaculdade.com.br\/portal\/","logo":{"@type":"ImageObject","inLanguage":"pt-BR","@id":"https:\/\/faifaculdade.com.br\/portal\/#\/schema\/logo\/image\/","url":"https:\/\/faifaculdade.com.br\/portal\/wp-content\/uploads\/2023\/04\/cropped-FAI.png","contentUrl":"https:\/\/faifaculdade.com.br\/portal\/wp-content\/uploads\/2023\/04\/cropped-FAI.png","width":3000,"height":1201,"caption":"FAI - Faculdade Irec\u00ea"},"image":{"@id":"https:\/\/faifaculdade.com.br\/portal\/#\/schema\/logo\/image\/"},"sameAs":["https:\/\/www.facebook.com\/faifaculdade","https:\/\/www.instagram.com\/faifaculdade\/"]}]}},"_links":{"self":[{"href":"https:\/\/faifaculdade.com.br\/portal\/wp-json\/wp\/v2\/pages\/1517","targetHints":{"allow":["GET"]}}],"collection":[{"href":"https:\/\/faifaculdade.com.br\/portal\/wp-json\/wp\/v2\/pages"}],"about":[{"href":"https:\/\/faifaculdade.com.br\/portal\/wp-json\/wp\/v2\/types\/page"}],"author":[{"embeddable":true,"href":"https:\/\/faifaculdade.com.br\/portal\/wp-json\/wp\/v2\/users\/1"}],"replies":[{"embeddable":true,"href":"https:\/\/faifaculdade.com.br\/portal\/wp-json\/wp\/v2\/comments?post=1517"}],"version-history":[{"count":2,"href":"https:\/\/faifaculdade.com.br\/portal\/wp-json\/wp\/v2\/pages\/1517\/revisions"}],"predecessor-version":[{"id":1526,"href":"https:\/\/faifaculdade.com.br\/portal\/wp-json\/wp\/v2\/pages\/1517\/revisions\/1526"}],"wp:attachment":[{"href":"https:\/\/faifaculdade.com.br\/portal\/wp-json\/wp\/v2\/media?parent=1517"}],"curies":[{"name":"wp","href":"https:\/\/api.w.org\/{rel}","templated":true}]}}