{"id":1559,"date":"2022-08-02T16:17:26","date_gmt":"2022-08-02T16:17:26","guid":{"rendered":"faifaculdade.com.br\/portal\/?page_id=1559"},"modified":"2023-05-12T14:33:36","modified_gmt":"2023-05-12T14:33:36","slug":"clinica-escola-psicologica","status":"publish","type":"page","link":"https:\/\/faifaculdade.com.br\/portal\/clinica-escola-psicologica\/","title":{"rendered":"Cl\u00ednica Escola de Psicologia"},"content":{"rendered":"\t\t<div data-elementor-type=\"wp-page\" data-elementor-id=\"1559\" class=\"elementor elementor-1559\">\n\t\t\t\t\t\t<section class=\"elementor-section elementor-top-section elementor-element elementor-element-1e54fc38 elementor-section-boxed elementor-section-height-default elementor-section-height-default\" data-id=\"1e54fc38\" data-element_type=\"section\" data-e-type=\"section\">\n\t\t\t\t\t\t<div class=\"elementor-container elementor-column-gap-default\">\n\t\t\t\t\t<div class=\"elementor-column elementor-col-100 elementor-top-column elementor-element elementor-element-4268a45d\" data-id=\"4268a45d\" data-element_type=\"column\" data-e-type=\"column\">\n\t\t\t<div class=\"elementor-widget-wrap elementor-element-populated\">\n\t\t\t\t\t\t<div class=\"elementor-element elementor-element-74eadf35 elementor-widget elementor-widget-text-editor\" data-id=\"74eadf35\" data-element_type=\"widget\" data-e-type=\"widget\" data-widget_type=\"text-editor.default\">\n\t\t\t\t<div class=\"elementor-widget-container\">\n\t\t\t\t\t\t\t\t\t<h1 style=\"text-align: justify;\"><strong style=\"font-family: 'Open Sans', serif; font-size: 16px; color: var( --e-global-color-text );\">Cl\u00ednica-Escola de Psicologia<\/strong><\/h1>\n<p style=\"text-align: justify;\"><strong style=\"font-family: 'Open Sans', serif; font-size: 16px; color: var( --e-global-color-text );\">O que \u00e9 o espa\u00e7o?<\/strong><\/p>\n<p style=\"text-align: justify;\">O servi\u00e7o da Cl\u00ednica-Escola de Psicologia (CEP) da Faculdade Irec\u00ea (FAI) atende pessoas de Irec\u00ea e regi\u00e3o, em diferentes etapas do desenvolvimento, ou seja, da inf\u00e2ncia \u00e0 terceira idade, valorizando a sa\u00fade ps\u00edquica e emocional de cada indiv\u00edduo. A cl\u00ednica foi criada em 03 de fevereiro de 2020, atendendo a determina\u00e7\u00e3o contida no art.16, da lei n\u00ba 4.119 de 27\/08\/62, do Conselho Federal de Educa\u00e7\u00e3o, para possibilitar a forma\u00e7\u00e3o profissional dos alunos do Curso de Bacharelado em Psicologia que, neste espa\u00e7o, iniciam sua pr\u00e1tica cl\u00ednica.<\/p>\n<p style=\"text-align: justify;\"><span style=\"font-family: 'Open Sans', serif; font-size: 16px; color: var( --e-global-color-text );\">Desta forma, a CEP prima em desenvolver a pr\u00e1tica profissional dos estudantes de psicologia atrav\u00e9s de atividades de ensino, pesquisa e extens\u00e3o, compet\u00eancias orientadas pelas Diretrizes Curriculares Nacionais (DCNs), bem como a responsabilidade social que a FAI tem junto ao territ\u00f3rio de Irec\u00ea-Ba. Al\u00e9m disso, a cl\u00ednica disp\u00f5e de professoras\/supervisoras que possuem um vasto conhecimento da psicologia cl\u00ednica e que j\u00e1 est\u00e3o consolidadas h\u00e1 anos no mercado.<\/span><\/p>\n<p style=\"text-align: justify;\"><strong>Qual a sua finalidade?<\/strong><\/p>\n<p style=\"text-align: justify;\">A CEP tem a finalidade de propiciar aos estudantes do curso de Psicologia da FAI a pr\u00e1tica cl\u00ednica de sua profiss\u00e3o, possibilitando que o discente tenha o contato direto com sua futura atua\u00e7\u00e3o profissional. Al\u00e9m disso, visa promover a\u00e7\u00f5es, experi\u00eancias e procedimentos que possibilitam a progress\u00e3o a n\u00edvel pr\u00e1tico, colaborando para o desenvolvimento e forma\u00e7\u00e3o do aluno. Em paralelo, ofertar o acesso gratuito \u00e0 popula\u00e7\u00e3o de baixa renda aos servi\u00e7os ofertados.<\/p>\n<p style=\"text-align: justify;\">Desse modo, a Cl\u00ednica-Escola \u00e9 fundamental para que os alunos do curso de Psicologia tenham, na pr\u00e1tica, as experi\u00eancias da profiss\u00e3o. Nesse ambiente, com a supervis\u00e3o de professores capacitados e experientes, os estudantes atendem a comunidade e aprendem a utilizar os conceitos te\u00f3ricos no cotidiano da profiss\u00e3o.<\/p>\n<p style=\"text-align: justify;\"><strong>Quais os servi\u00e7os ofertados?<\/strong><\/p>\n<p style=\"text-align: justify;\">No curso dos atendimentos \u00e0 popula\u00e7\u00e3o, os alunos atrav\u00e9s do desenvolvimento pr\u00e1tico dos acompanhamentos cl\u00ednicos, aprendem a utilizar os conceitos te\u00f3ricos na experi\u00eancia pr\u00e1tica do est\u00e1gio. Podendo tamb\u00e9m, desenvolver interven\u00e7\u00f5es que contemplem metas atrav\u00e9s dos p\u00fablicos atendidos, tais como, foco nas \u00eanfases do curr\u00edculo de processos cl\u00ednicos, al\u00e9m de subsidiar a investiga\u00e7\u00e3o cient\u00edfica, gest\u00e3o em sa\u00fade, preven\u00e7\u00e3o e promo\u00e7\u00e3o em sa\u00fade, dentre outros.<\/p>\n<p style=\"text-align: justify;\">Nesse sentido, a Cl\u00ednica-Escola prima oferecer condi\u00e7\u00f5es adequadas para que os acad\u00eamicos realizem est\u00e1gios cl\u00ednicos em disciplinas curriculares, com pr\u00e1tica de acolhimento individualizado, atendimento individual com crian\u00e7as, adultos e idosos; atendimento em grupo com crian\u00e7as; psicoterapia em grupo para adultos; plant\u00e3o psicol\u00f3gico e acolhimento espec\u00edficos (casos urgentes).<span style=\"font-family: 'Open Sans', serif; font-size: 16px; font-style: normal; font-variant-ligatures: normal; font-variant-caps: normal; font-weight: 400; color: var( --e-global-color-text );\">Cl\u00ednica Escola de Psicologia.<\/span><\/p>\t\t\t\t\t\t\t\t<\/div>\n\t\t\t\t<\/div>\n\t\t\t\t\t<\/div>\n\t\t<\/div>\n\t\t\t\t\t<\/div>\n\t\t<\/section>\n\t\t\t\t<\/div>\n\t\t","protected":false},"excerpt":{"rendered":"<p>Cl\u00ednica-Escola de Psicologia O que \u00e9 o espa\u00e7o? O servi\u00e7o da Cl\u00ednica-Escola de Psicologia (CEP) da Faculdade Irec\u00ea (FAI) atende<\/p>\n","protected":false},"author":1,"featured_media":0,"parent":0,"menu_order":0,"comment_status":"closed","ping_status":"closed","template":"","meta":{"_editorskit_title_hidden":false,"_editorskit_reading_time":0,"_editorskit_is_block_options_detached":false,"_editorskit_block_options_position":"{}","footnotes":""},"class_list":["post-1559","page","type-page","status-publish","hentry"],"yoast_head":"<!-- This site is optimized with the Yoast SEO plugin v27.5 - https:\/\/yoast.com\/product\/yoast-seo-wordpress\/ -->\n<title>Cl\u00ednica Escola de Psicologia - FAI - Faculdade Irec\u00ea<\/title>\n<meta name=\"robots\" content=\"index, follow, max-snippet:-1, max-image-preview:large, max-video-preview:-1\" \/>\n<link rel=\"canonical\" href=\"https:\/\/faifaculdade.com.br\/portal\/clinica-escola-psicologica\/\" \/>\n<meta property=\"og:locale\" content=\"pt_BR\" \/>\n<meta property=\"og:type\" content=\"article\" \/>\n<meta property=\"og:title\" content=\"Cl\u00ednica Escola de Psicologia - FAI - Faculdade Irec\u00ea\" \/>\n<meta property=\"og:description\" content=\"Cl\u00ednica-Escola de Psicologia O que \u00e9 o espa\u00e7o? O servi\u00e7o da Cl\u00ednica-Escola de Psicologia (CEP) da Faculdade Irec\u00ea (FAI) atende\" \/>\n<meta property=\"og:url\" content=\"https:\/\/faifaculdade.com.br\/portal\/clinica-escola-psicologica\/\" \/>\n<meta property=\"og:site_name\" content=\"FAI - Faculdade Irec\u00ea\" \/>\n<meta property=\"article:publisher\" content=\"https:\/\/www.facebook.com\/faifaculdade\" \/>\n<meta property=\"article:modified_time\" content=\"2023-05-12T14:33:36+00:00\" \/>\n<meta name=\"twitter:card\" content=\"summary_large_image\" \/>\n<meta name=\"twitter:label1\" content=\"Est. tempo de leitura\" \/>\n\t<meta name=\"twitter:data1\" content=\"2 minutos\" \/>\n<script type=\"application\/ld+json\" class=\"yoast-schema-graph\">{\"@context\":\"https:\\\/\\\/schema.org\",\"@graph\":[{\"@type\":\"WebPage\",\"@id\":\"https:\\\/\\\/faifaculdade.com.br\\\/portal\\\/clinica-escola-psicologica\\\/\",\"url\":\"https:\\\/\\\/faifaculdade.com.br\\\/portal\\\/clinica-escola-psicologica\\\/\",\"name\":\"Cl\u00ednica Escola de Psicologia - FAI - Faculdade Irec\u00ea\",\"isPartOf\":{\"@id\":\"https:\\\/\\\/faifaculdade.com.br\\\/portal\\\/#website\"},\"datePublished\":\"2022-08-02T16:17:26+00:00\",\"dateModified\":\"2023-05-12T14:33:36+00:00\",\"breadcrumb\":{\"@id\":\"https:\\\/\\\/faifaculdade.com.br\\\/portal\\\/clinica-escola-psicologica\\\/#breadcrumb\"},\"inLanguage\":\"pt-BR\",\"potentialAction\":[{\"@type\":\"ReadAction\",\"target\":[\"https:\\\/\\\/faifaculdade.com.br\\\/portal\\\/clinica-escola-psicologica\\\/\"]}]},{\"@type\":\"BreadcrumbList\",\"@id\":\"https:\\\/\\\/faifaculdade.com.br\\\/portal\\\/clinica-escola-psicologica\\\/#breadcrumb\",\"itemListElement\":[{\"@type\":\"ListItem\",\"position\":1,\"name\":\"In\u00edcio\",\"item\":\"https:\\\/\\\/faifaculdade.com.br\\\/portal\\\/\"},{\"@type\":\"ListItem\",\"position\":2,\"name\":\"Cl\u00ednica Escola de Psicologia\"}]},{\"@type\":\"WebSite\",\"@id\":\"https:\\\/\\\/faifaculdade.com.br\\\/portal\\\/#website\",\"url\":\"https:\\\/\\\/faifaculdade.com.br\\\/portal\\\/\",\"name\":\"FAI - Faculdade Irec\u00ea\",\"description\":\"Portal da Faculdade Irec\u00ea\",\"publisher\":{\"@id\":\"https:\\\/\\\/faifaculdade.com.br\\\/portal\\\/#organization\"},\"potentialAction\":[{\"@type\":\"SearchAction\",\"target\":{\"@type\":\"EntryPoint\",\"urlTemplate\":\"https:\\\/\\\/faifaculdade.com.br\\\/portal\\\/?s={search_term_string}\"},\"query-input\":{\"@type\":\"PropertyValueSpecification\",\"valueRequired\":true,\"valueName\":\"search_term_string\"}}],\"inLanguage\":\"pt-BR\"},{\"@type\":\"Organization\",\"@id\":\"https:\\\/\\\/faifaculdade.com.br\\\/portal\\\/#organization\",\"name\":\"FAI - Faculdade Irec\u00ea\",\"url\":\"https:\\\/\\\/faifaculdade.com.br\\\/portal\\\/\",\"logo\":{\"@type\":\"ImageObject\",\"inLanguage\":\"pt-BR\",\"@id\":\"https:\\\/\\\/faifaculdade.com.br\\\/portal\\\/#\\\/schema\\\/logo\\\/image\\\/\",\"url\":\"https:\\\/\\\/faifaculdade.com.br\\\/portal\\\/wp-content\\\/uploads\\\/2023\\\/04\\\/cropped-FAI.png\",\"contentUrl\":\"https:\\\/\\\/faifaculdade.com.br\\\/portal\\\/wp-content\\\/uploads\\\/2023\\\/04\\\/cropped-FAI.png\",\"width\":3000,\"height\":1201,\"caption\":\"FAI - Faculdade Irec\u00ea\"},\"image\":{\"@id\":\"https:\\\/\\\/faifaculdade.com.br\\\/portal\\\/#\\\/schema\\\/logo\\\/image\\\/\"},\"sameAs\":[\"https:\\\/\\\/www.facebook.com\\\/faifaculdade\",\"https:\\\/\\\/www.instagram.com\\\/faifaculdade\\\/\"]}]}<\/script>\n<!-- \/ Yoast SEO plugin. -->","yoast_head_json":{"title":"Cl\u00ednica Escola de Psicologia - FAI - Faculdade Irec\u00ea","robots":{"index":"index","follow":"follow","max-snippet":"max-snippet:-1","max-image-preview":"max-image-preview:large","max-video-preview":"max-video-preview:-1"},"canonical":"https:\/\/faifaculdade.com.br\/portal\/clinica-escola-psicologica\/","og_locale":"pt_BR","og_type":"article","og_title":"Cl\u00ednica Escola de Psicologia - FAI - Faculdade Irec\u00ea","og_description":"Cl\u00ednica-Escola de Psicologia O que \u00e9 o espa\u00e7o? O servi\u00e7o da Cl\u00ednica-Escola de Psicologia (CEP) da Faculdade Irec\u00ea (FAI) atende","og_url":"https:\/\/faifaculdade.com.br\/portal\/clinica-escola-psicologica\/","og_site_name":"FAI - Faculdade Irec\u00ea","article_publisher":"https:\/\/www.facebook.com\/faifaculdade","article_modified_time":"2023-05-12T14:33:36+00:00","twitter_card":"summary_large_image","twitter_misc":{"Est. tempo de leitura":"2 minutos"},"schema":{"@context":"https:\/\/schema.org","@graph":[{"@type":"WebPage","@id":"https:\/\/faifaculdade.com.br\/portal\/clinica-escola-psicologica\/","url":"https:\/\/faifaculdade.com.br\/portal\/clinica-escola-psicologica\/","name":"Cl\u00ednica Escola de Psicologia - FAI - Faculdade Irec\u00ea","isPartOf":{"@id":"https:\/\/faifaculdade.com.br\/portal\/#website"},"datePublished":"2022-08-02T16:17:26+00:00","dateModified":"2023-05-12T14:33:36+00:00","breadcrumb":{"@id":"https:\/\/faifaculdade.com.br\/portal\/clinica-escola-psicologica\/#breadcrumb"},"inLanguage":"pt-BR","potentialAction":[{"@type":"ReadAction","target":["https:\/\/faifaculdade.com.br\/portal\/clinica-escola-psicologica\/"]}]},{"@type":"BreadcrumbList","@id":"https:\/\/faifaculdade.com.br\/portal\/clinica-escola-psicologica\/#breadcrumb","itemListElement":[{"@type":"ListItem","position":1,"name":"In\u00edcio","item":"https:\/\/faifaculdade.com.br\/portal\/"},{"@type":"ListItem","position":2,"name":"Cl\u00ednica Escola de Psicologia"}]},{"@type":"WebSite","@id":"https:\/\/faifaculdade.com.br\/portal\/#website","url":"https:\/\/faifaculdade.com.br\/portal\/","name":"FAI - Faculdade Irec\u00ea","description":"Portal da Faculdade Irec\u00ea","publisher":{"@id":"https:\/\/faifaculdade.com.br\/portal\/#organization"},"potentialAction":[{"@type":"SearchAction","target":{"@type":"EntryPoint","urlTemplate":"https:\/\/faifaculdade.com.br\/portal\/?s={search_term_string}"},"query-input":{"@type":"PropertyValueSpecification","valueRequired":true,"valueName":"search_term_string"}}],"inLanguage":"pt-BR"},{"@type":"Organization","@id":"https:\/\/faifaculdade.com.br\/portal\/#organization","name":"FAI - Faculdade Irec\u00ea","url":"https:\/\/faifaculdade.com.br\/portal\/","logo":{"@type":"ImageObject","inLanguage":"pt-BR","@id":"https:\/\/faifaculdade.com.br\/portal\/#\/schema\/logo\/image\/","url":"https:\/\/faifaculdade.com.br\/portal\/wp-content\/uploads\/2023\/04\/cropped-FAI.png","contentUrl":"https:\/\/faifaculdade.com.br\/portal\/wp-content\/uploads\/2023\/04\/cropped-FAI.png","width":3000,"height":1201,"caption":"FAI - Faculdade Irec\u00ea"},"image":{"@id":"https:\/\/faifaculdade.com.br\/portal\/#\/schema\/logo\/image\/"},"sameAs":["https:\/\/www.facebook.com\/faifaculdade","https:\/\/www.instagram.com\/faifaculdade\/"]}]}},"_links":{"self":[{"href":"https:\/\/faifaculdade.com.br\/portal\/wp-json\/wp\/v2\/pages\/1559","targetHints":{"allow":["GET"]}}],"collection":[{"href":"https:\/\/faifaculdade.com.br\/portal\/wp-json\/wp\/v2\/pages"}],"about":[{"href":"https:\/\/faifaculdade.com.br\/portal\/wp-json\/wp\/v2\/types\/page"}],"author":[{"embeddable":true,"href":"https:\/\/faifaculdade.com.br\/portal\/wp-json\/wp\/v2\/users\/1"}],"replies":[{"embeddable":true,"href":"https:\/\/faifaculdade.com.br\/portal\/wp-json\/wp\/v2\/comments?post=1559"}],"version-history":[{"count":37,"href":"https:\/\/faifaculdade.com.br\/portal\/wp-json\/wp\/v2\/pages\/1559\/revisions"}],"predecessor-version":[{"id":2577,"href":"https:\/\/faifaculdade.com.br\/portal\/wp-json\/wp\/v2\/pages\/1559\/revisions\/2577"}],"wp:attachment":[{"href":"https:\/\/faifaculdade.com.br\/portal\/wp-json\/wp\/v2\/media?parent=1559"}],"curies":[{"name":"wp","href":"https:\/\/api.w.org\/{rel}","templated":true}]}}