{"id":1563,"date":"2022-08-02T16:19:21","date_gmt":"2022-08-02T16:19:21","guid":{"rendered":"faifaculdade.com.br\/portal\/?page_id=1563"},"modified":"2023-05-12T14:30:58","modified_gmt":"2023-05-12T14:30:58","slug":"clinica-escola-de-veterinaria-cemevi","status":"publish","type":"page","link":"https:\/\/faifaculdade.com.br\/portal\/clinica-escola-de-veterinaria-cemevi\/","title":{"rendered":"Cl\u00ednica Escola de Medicina Veterin\u00e1ria \u2013 CEMEV"},"content":{"rendered":"\t\t<div data-elementor-type=\"wp-page\" data-elementor-id=\"1563\" class=\"elementor elementor-1563\">\n\t\t\t\t\t\t<section class=\"elementor-section elementor-top-section elementor-element elementor-element-46a87c5 elementor-section-boxed elementor-section-height-default elementor-section-height-default\" data-id=\"46a87c5\" data-element_type=\"section\" data-e-type=\"section\">\n\t\t\t\t\t\t<div class=\"elementor-container elementor-column-gap-default\">\n\t\t\t\t\t<div class=\"elementor-column elementor-col-100 elementor-top-column elementor-element elementor-element-4feb9f7\" data-id=\"4feb9f7\" data-element_type=\"column\" data-e-type=\"column\">\n\t\t\t<div class=\"elementor-widget-wrap elementor-element-populated\">\n\t\t\t\t\t\t<div class=\"elementor-element elementor-element-72f6140 elementor-widget elementor-widget-text-editor\" data-id=\"72f6140\" data-element_type=\"widget\" data-e-type=\"widget\" data-widget_type=\"text-editor.default\">\n\t\t\t\t<div class=\"elementor-widget-container\">\n\t\t\t\t\t\t\t\t\t<p><img fetchpriority=\"high\" decoding=\"async\" class=\"aligncenter wp-image-2454 size-full\" src=\"https:\/\/faifaculdade.com.br\/wp-content\/uploads\/2023\/05\/med002.png\" alt=\"\" width=\"849\" height=\"483\" srcset=\"https:\/\/faifaculdade.com.br\/portal\/wp-content\/uploads\/2023\/05\/med002.png 849w, https:\/\/faifaculdade.com.br\/portal\/wp-content\/uploads\/2023\/05\/med002-300x171.png 300w, https:\/\/faifaculdade.com.br\/portal\/wp-content\/uploads\/2023\/05\/med002-768x437.png 768w\" sizes=\"(max-width: 849px) 100vw, 849px\" \/><\/p>\t\t\t\t\t\t\t\t<\/div>\n\t\t\t\t<\/div>\n\t\t\t\t\t<\/div>\n\t\t<\/div>\n\t\t\t\t\t<\/div>\n\t\t<\/section>\n\t\t\t\t<section class=\"elementor-section elementor-top-section elementor-element elementor-element-9f5dd72 elementor-section-boxed elementor-section-height-default elementor-section-height-default\" data-id=\"9f5dd72\" data-element_type=\"section\" data-e-type=\"section\">\n\t\t\t\t\t\t<div class=\"elementor-container elementor-column-gap-default\">\n\t\t\t\t\t<div class=\"elementor-column elementor-col-100 elementor-top-column elementor-element elementor-element-325ff25e\" data-id=\"325ff25e\" data-element_type=\"column\" data-e-type=\"column\">\n\t\t\t<div class=\"elementor-widget-wrap elementor-element-populated\">\n\t\t\t\t\t\t<div class=\"elementor-element elementor-element-361ba74f elementor-widget elementor-widget-text-editor\" data-id=\"361ba74f\" data-element_type=\"widget\" data-e-type=\"widget\" data-widget_type=\"text-editor.default\">\n\t\t\t\t<div class=\"elementor-widget-container\">\n\t\t\t\t\t\t\t\t\t<p style=\"text-align: justify;\">A Cl\u00ednica-Escola de Medicina Veterin\u00e1ria da Faculdade Irec\u00ea (FAI) \u00e9 um espa\u00e7o voltado para o atendimento cl\u00ednico e cir\u00fargico de animais de pequeno porte, oferecendo servi\u00e7os de qualidade \u00e0 comunidade local e regi\u00e3o circunvizinha. O espa\u00e7o \u00e9 composto por uma estrutura moderna e equipada com tecnologia de ponta, que proporciona aos estudantes da institui\u00e7\u00e3o a oportunidade de vivenciarem a pr\u00e1tica profissional na \u00e1rea da medicina veterin\u00e1ria.<\/p>\n<p style=\"text-align: justify;\">A finalidade da Cl\u00ednica-Escola de Medicina Veterin\u00e1ria da FAI \u00e9 fornecer atendimento veterin\u00e1rio de qualidade \u00e0 popula\u00e7\u00e3o e contribuir para a forma\u00e7\u00e3o acad\u00eamica dos estudantes da institui\u00e7\u00e3o. Al\u00e9m disso, o espa\u00e7o tem como objetivo promover a conscientiza\u00e7\u00e3o da sociedade em rela\u00e7\u00e3o \u00e0 sa\u00fade animal e incentivar a ado\u00e7\u00e3o de medidas preventivas para a manuten\u00e7\u00e3o da sa\u00fade dos pets. Com isso, a cl\u00ednica busca oferecer um atendimento humanizado e personalizado aos animais e seus tutores, aliando o conhecimento t\u00e9cnico-cient\u00edfico \u00e0 empatia e sensibilidade para com os pacientes.<\/p>\n<p style=\"text-align: justify;\">Na Cl\u00ednica-Escola de Medicina Veterin\u00e1ria da FAI, s\u00e3o oferecidos diversos servi\u00e7os para os animais, como consultas cl\u00ednicas, cirurgias, vacina\u00e7\u00e3o, exames laboratoriais, ultrassonografia, entre outros. Todos esses servi\u00e7os s\u00e3o realizados por alunos da faculdade, supervisionados por professores especialistas na \u00e1rea. Dessa forma, a cl\u00ednica se torna uma importante ferramenta de aprendizado para os estudantes e um meio acess\u00edvel para a comunidade cuidar da sa\u00fade de seus animais de estima\u00e7\u00e3o.<\/p>\t\t\t\t\t\t\t\t<\/div>\n\t\t\t\t<\/div>\n\t\t\t\t\t<\/div>\n\t\t<\/div>\n\t\t\t\t\t<\/div>\n\t\t<\/section>\n\t\t\t\t<section class=\"elementor-section elementor-top-section elementor-element elementor-element-cdf076d elementor-section-boxed elementor-section-height-default elementor-section-height-default\" data-id=\"cdf076d\" data-element_type=\"section\" data-e-type=\"section\">\n\t\t\t\t\t\t<div class=\"elementor-container elementor-column-gap-default\">\n\t\t\t\t\t<div class=\"elementor-column elementor-col-33 elementor-top-column elementor-element elementor-element-1af6fa3\" data-id=\"1af6fa3\" data-element_type=\"column\" data-e-type=\"column\">\n\t\t\t<div class=\"elementor-widget-wrap elementor-element-populated\">\n\t\t\t\t\t\t<div class=\"elementor-element elementor-element-1e8b161 elementor-widget elementor-widget-text-editor\" data-id=\"1e8b161\" data-element_type=\"widget\" data-e-type=\"widget\" data-widget_type=\"text-editor.default\">\n\t\t\t\t<div class=\"elementor-widget-container\">\n\t\t\t\t\t\t\t\t\t<p><img decoding=\"async\" class=\"aligncenter wp-image-2469 size-full\" src=\"https:\/\/faifaculdade.com.br\/wp-content\/uploads\/2023\/05\/med-VET01.jpeg\" alt=\"\" width=\"721\" height=\"406\" srcset=\"https:\/\/faifaculdade.com.br\/portal\/wp-content\/uploads\/2023\/05\/med-VET01.jpeg 721w, https:\/\/faifaculdade.com.br\/portal\/wp-content\/uploads\/2023\/05\/med-VET01-300x169.jpeg 300w\" sizes=\"(max-width: 721px) 100vw, 721px\" \/><\/p>\t\t\t\t\t\t\t\t<\/div>\n\t\t\t\t<\/div>\n\t\t\t\t\t<\/div>\n\t\t<\/div>\n\t\t\t\t<div class=\"elementor-column elementor-col-33 elementor-top-column elementor-element elementor-element-24001fe\" data-id=\"24001fe\" data-element_type=\"column\" data-e-type=\"column\">\n\t\t\t<div class=\"elementor-widget-wrap elementor-element-populated\">\n\t\t\t\t\t\t<div class=\"elementor-element elementor-element-91cb44d elementor-widget elementor-widget-text-editor\" data-id=\"91cb44d\" data-element_type=\"widget\" data-e-type=\"widget\" data-widget_type=\"text-editor.default\">\n\t\t\t\t<div class=\"elementor-widget-container\">\n\t\t\t\t\t\t\t\t\t<p><img decoding=\"async\" class=\"aligncenter wp-image-2470 size-full\" src=\"https:\/\/faifaculdade.com.br\/wp-content\/uploads\/2023\/05\/med-VET02.jpeg\" alt=\"\" width=\"721\" height=\"406\" srcset=\"https:\/\/faifaculdade.com.br\/portal\/wp-content\/uploads\/2023\/05\/med-VET02.jpeg 721w, https:\/\/faifaculdade.com.br\/portal\/wp-content\/uploads\/2023\/05\/med-VET02-300x169.jpeg 300w\" sizes=\"(max-width: 721px) 100vw, 721px\" \/><\/p>\t\t\t\t\t\t\t\t<\/div>\n\t\t\t\t<\/div>\n\t\t\t\t\t<\/div>\n\t\t<\/div>\n\t\t\t\t<div class=\"elementor-column elementor-col-33 elementor-top-column elementor-element elementor-element-f92b941\" data-id=\"f92b941\" data-element_type=\"column\" data-e-type=\"column\">\n\t\t\t<div class=\"elementor-widget-wrap elementor-element-populated\">\n\t\t\t\t\t\t<div class=\"elementor-element elementor-element-8e96f28 elementor-widget elementor-widget-text-editor\" data-id=\"8e96f28\" data-element_type=\"widget\" data-e-type=\"widget\" data-widget_type=\"text-editor.default\">\n\t\t\t\t<div class=\"elementor-widget-container\">\n\t\t\t\t\t\t\t\t\t<p><img loading=\"lazy\" decoding=\"async\" class=\"aligncenter wp-image-2471 size-full\" src=\"https:\/\/faifaculdade.com.br\/wp-content\/uploads\/2023\/05\/med-VET03.jpeg\" alt=\"\" width=\"721\" height=\"406\" srcset=\"https:\/\/faifaculdade.com.br\/portal\/wp-content\/uploads\/2023\/05\/med-VET03.jpeg 721w, https:\/\/faifaculdade.com.br\/portal\/wp-content\/uploads\/2023\/05\/med-VET03-300x169.jpeg 300w\" sizes=\"(max-width: 721px) 100vw, 721px\" \/><\/p>\t\t\t\t\t\t\t\t<\/div>\n\t\t\t\t<\/div>\n\t\t\t\t\t<\/div>\n\t\t<\/div>\n\t\t\t\t\t<\/div>\n\t\t<\/section>\n\t\t\t\t<\/div>\n\t\t","protected":false},"excerpt":{"rendered":"<p>A Cl\u00ednica-Escola de Medicina Veterin\u00e1ria da Faculdade Irec\u00ea (FAI) \u00e9 um espa\u00e7o voltado para o atendimento cl\u00ednico e cir\u00fargico de<\/p>\n","protected":false},"author":1,"featured_media":0,"parent":0,"menu_order":0,"comment_status":"closed","ping_status":"closed","template":"","meta":{"_editorskit_title_hidden":false,"_editorskit_reading_time":0,"_editorskit_is_block_options_detached":false,"_editorskit_block_options_position":"{}","footnotes":""},"class_list":["post-1563","page","type-page","status-publish","hentry"],"yoast_head":"<!-- This site is optimized with the Yoast SEO plugin v27.5 - https:\/\/yoast.com\/product\/yoast-seo-wordpress\/ -->\n<title>Cl\u00ednica Escola de Medicina Veterin\u00e1ria \u2013 CEMEV - FAI - Faculdade Irec\u00ea<\/title>\n<meta name=\"robots\" content=\"index, follow, max-snippet:-1, max-image-preview:large, max-video-preview:-1\" \/>\n<link rel=\"canonical\" href=\"https:\/\/faifaculdade.com.br\/portal\/clinica-escola-de-veterinaria-cemevi\/\" \/>\n<meta property=\"og:locale\" content=\"pt_BR\" \/>\n<meta property=\"og:type\" content=\"article\" \/>\n<meta property=\"og:title\" content=\"Cl\u00ednica Escola de Medicina Veterin\u00e1ria \u2013 CEMEV - FAI - Faculdade Irec\u00ea\" \/>\n<meta property=\"og:description\" content=\"A Cl\u00ednica-Escola de Medicina Veterin\u00e1ria da Faculdade Irec\u00ea (FAI) \u00e9 um espa\u00e7o voltado para o atendimento cl\u00ednico e cir\u00fargico de\" \/>\n<meta property=\"og:url\" content=\"https:\/\/faifaculdade.com.br\/portal\/clinica-escola-de-veterinaria-cemevi\/\" \/>\n<meta property=\"og:site_name\" content=\"FAI - Faculdade Irec\u00ea\" \/>\n<meta property=\"article:publisher\" content=\"https:\/\/www.facebook.com\/faifaculdade\" \/>\n<meta property=\"article:modified_time\" content=\"2023-05-12T14:30:58+00:00\" \/>\n<meta name=\"twitter:card\" content=\"summary_large_image\" \/>\n<meta name=\"twitter:label1\" content=\"Est. tempo de leitura\" \/>\n\t<meta name=\"twitter:data1\" content=\"1 minuto\" \/>\n<script type=\"application\/ld+json\" class=\"yoast-schema-graph\">{\"@context\":\"https:\\\/\\\/schema.org\",\"@graph\":[{\"@type\":\"WebPage\",\"@id\":\"https:\\\/\\\/faifaculdade.com.br\\\/portal\\\/clinica-escola-de-veterinaria-cemevi\\\/\",\"url\":\"https:\\\/\\\/faifaculdade.com.br\\\/portal\\\/clinica-escola-de-veterinaria-cemevi\\\/\",\"name\":\"Cl\u00ednica Escola de Medicina Veterin\u00e1ria \u2013 CEMEV - FAI - Faculdade Irec\u00ea\",\"isPartOf\":{\"@id\":\"https:\\\/\\\/faifaculdade.com.br\\\/portal\\\/#website\"},\"datePublished\":\"2022-08-02T16:19:21+00:00\",\"dateModified\":\"2023-05-12T14:30:58+00:00\",\"breadcrumb\":{\"@id\":\"https:\\\/\\\/faifaculdade.com.br\\\/portal\\\/clinica-escola-de-veterinaria-cemevi\\\/#breadcrumb\"},\"inLanguage\":\"pt-BR\",\"potentialAction\":[{\"@type\":\"ReadAction\",\"target\":[\"https:\\\/\\\/faifaculdade.com.br\\\/portal\\\/clinica-escola-de-veterinaria-cemevi\\\/\"]}]},{\"@type\":\"BreadcrumbList\",\"@id\":\"https:\\\/\\\/faifaculdade.com.br\\\/portal\\\/clinica-escola-de-veterinaria-cemevi\\\/#breadcrumb\",\"itemListElement\":[{\"@type\":\"ListItem\",\"position\":1,\"name\":\"In\u00edcio\",\"item\":\"https:\\\/\\\/faifaculdade.com.br\\\/portal\\\/\"},{\"@type\":\"ListItem\",\"position\":2,\"name\":\"Cl\u00ednica Escola de Medicina Veterin\u00e1ria \u2013 CEMEV\"}]},{\"@type\":\"WebSite\",\"@id\":\"https:\\\/\\\/faifaculdade.com.br\\\/portal\\\/#website\",\"url\":\"https:\\\/\\\/faifaculdade.com.br\\\/portal\\\/\",\"name\":\"FAI - Faculdade Irec\u00ea\",\"description\":\"Portal da Faculdade Irec\u00ea\",\"publisher\":{\"@id\":\"https:\\\/\\\/faifaculdade.com.br\\\/portal\\\/#organization\"},\"potentialAction\":[{\"@type\":\"SearchAction\",\"target\":{\"@type\":\"EntryPoint\",\"urlTemplate\":\"https:\\\/\\\/faifaculdade.com.br\\\/portal\\\/?s={search_term_string}\"},\"query-input\":{\"@type\":\"PropertyValueSpecification\",\"valueRequired\":true,\"valueName\":\"search_term_string\"}}],\"inLanguage\":\"pt-BR\"},{\"@type\":\"Organization\",\"@id\":\"https:\\\/\\\/faifaculdade.com.br\\\/portal\\\/#organization\",\"name\":\"FAI - Faculdade Irec\u00ea\",\"url\":\"https:\\\/\\\/faifaculdade.com.br\\\/portal\\\/\",\"logo\":{\"@type\":\"ImageObject\",\"inLanguage\":\"pt-BR\",\"@id\":\"https:\\\/\\\/faifaculdade.com.br\\\/portal\\\/#\\\/schema\\\/logo\\\/image\\\/\",\"url\":\"https:\\\/\\\/faifaculdade.com.br\\\/portal\\\/wp-content\\\/uploads\\\/2023\\\/04\\\/cropped-FAI.png\",\"contentUrl\":\"https:\\\/\\\/faifaculdade.com.br\\\/portal\\\/wp-content\\\/uploads\\\/2023\\\/04\\\/cropped-FAI.png\",\"width\":3000,\"height\":1201,\"caption\":\"FAI - Faculdade Irec\u00ea\"},\"image\":{\"@id\":\"https:\\\/\\\/faifaculdade.com.br\\\/portal\\\/#\\\/schema\\\/logo\\\/image\\\/\"},\"sameAs\":[\"https:\\\/\\\/www.facebook.com\\\/faifaculdade\",\"https:\\\/\\\/www.instagram.com\\\/faifaculdade\\\/\"]}]}<\/script>\n<!-- \/ Yoast SEO plugin. -->","yoast_head_json":{"title":"Cl\u00ednica Escola de Medicina Veterin\u00e1ria \u2013 CEMEV - FAI - Faculdade Irec\u00ea","robots":{"index":"index","follow":"follow","max-snippet":"max-snippet:-1","max-image-preview":"max-image-preview:large","max-video-preview":"max-video-preview:-1"},"canonical":"https:\/\/faifaculdade.com.br\/portal\/clinica-escola-de-veterinaria-cemevi\/","og_locale":"pt_BR","og_type":"article","og_title":"Cl\u00ednica Escola de Medicina Veterin\u00e1ria \u2013 CEMEV - FAI - Faculdade Irec\u00ea","og_description":"A Cl\u00ednica-Escola de Medicina Veterin\u00e1ria da Faculdade Irec\u00ea (FAI) \u00e9 um espa\u00e7o voltado para o atendimento cl\u00ednico e cir\u00fargico de","og_url":"https:\/\/faifaculdade.com.br\/portal\/clinica-escola-de-veterinaria-cemevi\/","og_site_name":"FAI - Faculdade Irec\u00ea","article_publisher":"https:\/\/www.facebook.com\/faifaculdade","article_modified_time":"2023-05-12T14:30:58+00:00","twitter_card":"summary_large_image","twitter_misc":{"Est. tempo de leitura":"1 minuto"},"schema":{"@context":"https:\/\/schema.org","@graph":[{"@type":"WebPage","@id":"https:\/\/faifaculdade.com.br\/portal\/clinica-escola-de-veterinaria-cemevi\/","url":"https:\/\/faifaculdade.com.br\/portal\/clinica-escola-de-veterinaria-cemevi\/","name":"Cl\u00ednica Escola de Medicina Veterin\u00e1ria \u2013 CEMEV - FAI - Faculdade Irec\u00ea","isPartOf":{"@id":"https:\/\/faifaculdade.com.br\/portal\/#website"},"datePublished":"2022-08-02T16:19:21+00:00","dateModified":"2023-05-12T14:30:58+00:00","breadcrumb":{"@id":"https:\/\/faifaculdade.com.br\/portal\/clinica-escola-de-veterinaria-cemevi\/#breadcrumb"},"inLanguage":"pt-BR","potentialAction":[{"@type":"ReadAction","target":["https:\/\/faifaculdade.com.br\/portal\/clinica-escola-de-veterinaria-cemevi\/"]}]},{"@type":"BreadcrumbList","@id":"https:\/\/faifaculdade.com.br\/portal\/clinica-escola-de-veterinaria-cemevi\/#breadcrumb","itemListElement":[{"@type":"ListItem","position":1,"name":"In\u00edcio","item":"https:\/\/faifaculdade.com.br\/portal\/"},{"@type":"ListItem","position":2,"name":"Cl\u00ednica Escola de Medicina Veterin\u00e1ria \u2013 CEMEV"}]},{"@type":"WebSite","@id":"https:\/\/faifaculdade.com.br\/portal\/#website","url":"https:\/\/faifaculdade.com.br\/portal\/","name":"FAI - Faculdade Irec\u00ea","description":"Portal da Faculdade Irec\u00ea","publisher":{"@id":"https:\/\/faifaculdade.com.br\/portal\/#organization"},"potentialAction":[{"@type":"SearchAction","target":{"@type":"EntryPoint","urlTemplate":"https:\/\/faifaculdade.com.br\/portal\/?s={search_term_string}"},"query-input":{"@type":"PropertyValueSpecification","valueRequired":true,"valueName":"search_term_string"}}],"inLanguage":"pt-BR"},{"@type":"Organization","@id":"https:\/\/faifaculdade.com.br\/portal\/#organization","name":"FAI - Faculdade Irec\u00ea","url":"https:\/\/faifaculdade.com.br\/portal\/","logo":{"@type":"ImageObject","inLanguage":"pt-BR","@id":"https:\/\/faifaculdade.com.br\/portal\/#\/schema\/logo\/image\/","url":"https:\/\/faifaculdade.com.br\/portal\/wp-content\/uploads\/2023\/04\/cropped-FAI.png","contentUrl":"https:\/\/faifaculdade.com.br\/portal\/wp-content\/uploads\/2023\/04\/cropped-FAI.png","width":3000,"height":1201,"caption":"FAI - Faculdade Irec\u00ea"},"image":{"@id":"https:\/\/faifaculdade.com.br\/portal\/#\/schema\/logo\/image\/"},"sameAs":["https:\/\/www.facebook.com\/faifaculdade","https:\/\/www.instagram.com\/faifaculdade\/"]}]}},"_links":{"self":[{"href":"https:\/\/faifaculdade.com.br\/portal\/wp-json\/wp\/v2\/pages\/1563","targetHints":{"allow":["GET"]}}],"collection":[{"href":"https:\/\/faifaculdade.com.br\/portal\/wp-json\/wp\/v2\/pages"}],"about":[{"href":"https:\/\/faifaculdade.com.br\/portal\/wp-json\/wp\/v2\/types\/page"}],"author":[{"embeddable":true,"href":"https:\/\/faifaculdade.com.br\/portal\/wp-json\/wp\/v2\/users\/1"}],"replies":[{"embeddable":true,"href":"https:\/\/faifaculdade.com.br\/portal\/wp-json\/wp\/v2\/comments?post=1563"}],"version-history":[{"count":39,"href":"https:\/\/faifaculdade.com.br\/portal\/wp-json\/wp\/v2\/pages\/1563\/revisions"}],"predecessor-version":[{"id":2571,"href":"https:\/\/faifaculdade.com.br\/portal\/wp-json\/wp\/v2\/pages\/1563\/revisions\/2571"}],"wp:attachment":[{"href":"https:\/\/faifaculdade.com.br\/portal\/wp-json\/wp\/v2\/media?parent=1563"}],"curies":[{"name":"wp","href":"https:\/\/api.w.org\/{rel}","templated":true}]}}