{"id":3029,"date":"2023-05-23T18:43:49","date_gmt":"2023-05-23T18:43:49","guid":{"rendered":"faifaculdade.com.br\/portal\/?page_id=3029"},"modified":"2023-05-23T20:27:40","modified_gmt":"2023-05-23T20:27:40","slug":"portal-do-ex-aluno","status":"publish","type":"page","link":"https:\/\/faifaculdade.com.br\/portal\/portal-do-ex-aluno\/","title":{"rendered":"Portal do ex-aluno"},"content":{"rendered":"\t\t<div data-elementor-type=\"wp-page\" data-elementor-id=\"3029\" class=\"elementor elementor-3029\">\n\t\t\t\t\t\t<section class=\"elementor-section elementor-top-section elementor-element elementor-element-29aa905 elementor-section-boxed elementor-section-height-default elementor-section-height-default\" data-id=\"29aa905\" data-element_type=\"section\" data-e-type=\"section\">\n\t\t\t\t\t\t<div class=\"elementor-container elementor-column-gap-default\">\n\t\t\t\t\t<div class=\"elementor-column elementor-col-100 elementor-top-column elementor-element elementor-element-cb50513\" data-id=\"cb50513\" data-element_type=\"column\" data-e-type=\"column\">\n\t\t\t<div class=\"elementor-widget-wrap elementor-element-populated\">\n\t\t\t\t\t\t<div class=\"elementor-element elementor-element-2f235ee elementor-widget elementor-widget-text-editor\" data-id=\"2f235ee\" data-element_type=\"widget\" data-e-type=\"widget\" data-widget_type=\"text-editor.default\">\n\t\t\t\t<div class=\"elementor-widget-container\">\n\t\t\t\t\t\t\t\t\t<p><img fetchpriority=\"high\" decoding=\"async\" class=\"aligncenter wp-image-3061 size-full\" src=\"https:\/\/faifaculdade.com.br\/wp-content\/uploads\/2023\/05\/sempre-fai.png\" alt=\"\" width=\"849\" height=\"389\" srcset=\"https:\/\/faifaculdade.com.br\/portal\/wp-content\/uploads\/2023\/05\/sempre-fai.png 849w, https:\/\/faifaculdade.com.br\/portal\/wp-content\/uploads\/2023\/05\/sempre-fai-300x137.png 300w, https:\/\/faifaculdade.com.br\/portal\/wp-content\/uploads\/2023\/05\/sempre-fai-768x352.png 768w\" sizes=\"(max-width: 849px) 100vw, 849px\" \/><\/p>\t\t\t\t\t\t\t\t<\/div>\n\t\t\t\t<\/div>\n\t\t\t\t\t<\/div>\n\t\t<\/div>\n\t\t\t\t\t<\/div>\n\t\t<\/section>\n\t\t\t\t<section class=\"elementor-section elementor-top-section elementor-element elementor-element-ce8f269 elementor-section-boxed elementor-section-height-default elementor-section-height-default\" data-id=\"ce8f269\" data-element_type=\"section\" data-e-type=\"section\">\n\t\t\t\t\t\t<div class=\"elementor-container elementor-column-gap-default\">\n\t\t\t\t\t<div class=\"elementor-column elementor-col-100 elementor-top-column elementor-element elementor-element-5927822\" data-id=\"5927822\" data-element_type=\"column\" data-e-type=\"column\">\n\t\t\t<div class=\"elementor-widget-wrap elementor-element-populated\">\n\t\t\t\t\t\t<div class=\"elementor-element elementor-element-93ff241 elementor-widget elementor-widget-text-editor\" data-id=\"93ff241\" data-element_type=\"widget\" data-e-type=\"widget\" data-widget_type=\"text-editor.default\">\n\t\t\t\t<div class=\"elementor-widget-container\">\n\t\t\t\t\t\t\t\t\t<p style=\"text-align: justify;\"><span style=\"color: #808080; font-family: Roboto, Arial, sans-serif; font-size: 14.6667px; font-style: normal; font-variant-ligatures: normal; font-variant-caps: normal; white-space: pre-wrap;\">A FAI tem interesse em obter informa\u00e7\u00f5es sobre sua vida profissional e um retorno sobre a qualidade do seu processo formativo durante a gradua\u00e7\u00e3o. Por esse motivo, solicitamos o preenchimento do <strong>formul\u00e1rio de pesquisa no link abaixo<\/strong>. Os dados ser\u00e3o de uso exclusivo da FAI, para um replanejamento e adequa\u00e7\u00e3o \u00e0s exig\u00eancias do mundo do trabalho e n\u00e3o ser\u00e3o compartilhados com terceiros.<\/span><\/p><p style=\"text-align: justify;\"><span style=\"color: #808080; font-family: Roboto, Arial, sans-serif;\"><span style=\"font-size: 14.6667px; white-space: pre-wrap;\">Para acessar o formul\u00e1rio, <a href=\"https:\/\/docs.google.com\/forms\/d\/e\/1FAIpQLSfdg0idNFJs3JlXX4E3P4SjHrINOZHLBfMPHvXbNtOe-s6Q4w\/viewform?usp=sf_link\"><strong>CLIQUE AQUI!<\/strong><\/a><\/span><\/span><\/p>\t\t\t\t\t\t\t\t<\/div>\n\t\t\t\t<\/div>\n\t\t\t\t\t<\/div>\n\t\t<\/div>\n\t\t\t\t\t<\/div>\n\t\t<\/section>\n\t\t\t\t<\/div>\n\t\t","protected":false},"excerpt":{"rendered":"<p>A FAI tem interesse em obter informa\u00e7\u00f5es sobre sua vida profissional e um retorno sobre a qualidade do seu processo<\/p>\n","protected":false},"author":1,"featured_media":0,"parent":0,"menu_order":0,"comment_status":"closed","ping_status":"closed","template":"","meta":{"_editorskit_title_hidden":false,"_editorskit_reading_time":0,"_editorskit_is_block_options_detached":false,"_editorskit_block_options_position":"{}","footnotes":""},"class_list":["post-3029","page","type-page","status-publish","hentry"],"yoast_head":"<!-- This site is optimized with the Yoast SEO plugin v27.5 - https:\/\/yoast.com\/product\/yoast-seo-wordpress\/ -->\n<title>Portal do ex-aluno - FAI - Faculdade Irec\u00ea<\/title>\n<meta name=\"robots\" content=\"index, follow, max-snippet:-1, max-image-preview:large, max-video-preview:-1\" \/>\n<link rel=\"canonical\" href=\"https:\/\/faifaculdade.com.br\/portal\/portal-do-ex-aluno\/\" \/>\n<meta property=\"og:locale\" content=\"pt_BR\" \/>\n<meta property=\"og:type\" content=\"article\" \/>\n<meta property=\"og:title\" content=\"Portal do ex-aluno - FAI - Faculdade Irec\u00ea\" \/>\n<meta property=\"og:description\" content=\"A FAI tem interesse em obter informa\u00e7\u00f5es sobre sua vida profissional e um retorno sobre a qualidade do seu processo\" \/>\n<meta property=\"og:url\" content=\"https:\/\/faifaculdade.com.br\/portal\/portal-do-ex-aluno\/\" \/>\n<meta property=\"og:site_name\" content=\"FAI - Faculdade Irec\u00ea\" \/>\n<meta property=\"article:publisher\" content=\"https:\/\/www.facebook.com\/faifaculdade\" \/>\n<meta property=\"article:modified_time\" content=\"2023-05-23T20:27:40+00:00\" \/>\n<meta name=\"twitter:card\" content=\"summary_large_image\" \/>\n<script type=\"application\/ld+json\" class=\"yoast-schema-graph\">{\"@context\":\"https:\\\/\\\/schema.org\",\"@graph\":[{\"@type\":\"WebPage\",\"@id\":\"https:\\\/\\\/faifaculdade.com.br\\\/portal\\\/portal-do-ex-aluno\\\/\",\"url\":\"https:\\\/\\\/faifaculdade.com.br\\\/portal\\\/portal-do-ex-aluno\\\/\",\"name\":\"Portal do ex-aluno - FAI - Faculdade Irec\u00ea\",\"isPartOf\":{\"@id\":\"https:\\\/\\\/faifaculdade.com.br\\\/portal\\\/#website\"},\"datePublished\":\"2023-05-23T18:43:49+00:00\",\"dateModified\":\"2023-05-23T20:27:40+00:00\",\"breadcrumb\":{\"@id\":\"https:\\\/\\\/faifaculdade.com.br\\\/portal\\\/portal-do-ex-aluno\\\/#breadcrumb\"},\"inLanguage\":\"pt-BR\",\"potentialAction\":[{\"@type\":\"ReadAction\",\"target\":[\"https:\\\/\\\/faifaculdade.com.br\\\/portal\\\/portal-do-ex-aluno\\\/\"]}]},{\"@type\":\"BreadcrumbList\",\"@id\":\"https:\\\/\\\/faifaculdade.com.br\\\/portal\\\/portal-do-ex-aluno\\\/#breadcrumb\",\"itemListElement\":[{\"@type\":\"ListItem\",\"position\":1,\"name\":\"In\u00edcio\",\"item\":\"https:\\\/\\\/faifaculdade.com.br\\\/portal\\\/\"},{\"@type\":\"ListItem\",\"position\":2,\"name\":\"Portal do ex-aluno\"}]},{\"@type\":\"WebSite\",\"@id\":\"https:\\\/\\\/faifaculdade.com.br\\\/portal\\\/#website\",\"url\":\"https:\\\/\\\/faifaculdade.com.br\\\/portal\\\/\",\"name\":\"FAI - Faculdade Irec\u00ea\",\"description\":\"Portal da Faculdade Irec\u00ea\",\"publisher\":{\"@id\":\"https:\\\/\\\/faifaculdade.com.br\\\/portal\\\/#organization\"},\"potentialAction\":[{\"@type\":\"SearchAction\",\"target\":{\"@type\":\"EntryPoint\",\"urlTemplate\":\"https:\\\/\\\/faifaculdade.com.br\\\/portal\\\/?s={search_term_string}\"},\"query-input\":{\"@type\":\"PropertyValueSpecification\",\"valueRequired\":true,\"valueName\":\"search_term_string\"}}],\"inLanguage\":\"pt-BR\"},{\"@type\":\"Organization\",\"@id\":\"https:\\\/\\\/faifaculdade.com.br\\\/portal\\\/#organization\",\"name\":\"FAI - Faculdade Irec\u00ea\",\"url\":\"https:\\\/\\\/faifaculdade.com.br\\\/portal\\\/\",\"logo\":{\"@type\":\"ImageObject\",\"inLanguage\":\"pt-BR\",\"@id\":\"https:\\\/\\\/faifaculdade.com.br\\\/portal\\\/#\\\/schema\\\/logo\\\/image\\\/\",\"url\":\"https:\\\/\\\/faifaculdade.com.br\\\/portal\\\/wp-content\\\/uploads\\\/2023\\\/04\\\/cropped-FAI.png\",\"contentUrl\":\"https:\\\/\\\/faifaculdade.com.br\\\/portal\\\/wp-content\\\/uploads\\\/2023\\\/04\\\/cropped-FAI.png\",\"width\":3000,\"height\":1201,\"caption\":\"FAI - Faculdade Irec\u00ea\"},\"image\":{\"@id\":\"https:\\\/\\\/faifaculdade.com.br\\\/portal\\\/#\\\/schema\\\/logo\\\/image\\\/\"},\"sameAs\":[\"https:\\\/\\\/www.facebook.com\\\/faifaculdade\",\"https:\\\/\\\/www.instagram.com\\\/faifaculdade\\\/\"]}]}<\/script>\n<!-- \/ Yoast SEO plugin. -->","yoast_head_json":{"title":"Portal do ex-aluno - FAI - Faculdade Irec\u00ea","robots":{"index":"index","follow":"follow","max-snippet":"max-snippet:-1","max-image-preview":"max-image-preview:large","max-video-preview":"max-video-preview:-1"},"canonical":"https:\/\/faifaculdade.com.br\/portal\/portal-do-ex-aluno\/","og_locale":"pt_BR","og_type":"article","og_title":"Portal do ex-aluno - FAI - Faculdade Irec\u00ea","og_description":"A FAI tem interesse em obter informa\u00e7\u00f5es sobre sua vida profissional e um retorno sobre a qualidade do seu processo","og_url":"https:\/\/faifaculdade.com.br\/portal\/portal-do-ex-aluno\/","og_site_name":"FAI - Faculdade Irec\u00ea","article_publisher":"https:\/\/www.facebook.com\/faifaculdade","article_modified_time":"2023-05-23T20:27:40+00:00","twitter_card":"summary_large_image","schema":{"@context":"https:\/\/schema.org","@graph":[{"@type":"WebPage","@id":"https:\/\/faifaculdade.com.br\/portal\/portal-do-ex-aluno\/","url":"https:\/\/faifaculdade.com.br\/portal\/portal-do-ex-aluno\/","name":"Portal do ex-aluno - FAI - Faculdade Irec\u00ea","isPartOf":{"@id":"https:\/\/faifaculdade.com.br\/portal\/#website"},"datePublished":"2023-05-23T18:43:49+00:00","dateModified":"2023-05-23T20:27:40+00:00","breadcrumb":{"@id":"https:\/\/faifaculdade.com.br\/portal\/portal-do-ex-aluno\/#breadcrumb"},"inLanguage":"pt-BR","potentialAction":[{"@type":"ReadAction","target":["https:\/\/faifaculdade.com.br\/portal\/portal-do-ex-aluno\/"]}]},{"@type":"BreadcrumbList","@id":"https:\/\/faifaculdade.com.br\/portal\/portal-do-ex-aluno\/#breadcrumb","itemListElement":[{"@type":"ListItem","position":1,"name":"In\u00edcio","item":"https:\/\/faifaculdade.com.br\/portal\/"},{"@type":"ListItem","position":2,"name":"Portal do ex-aluno"}]},{"@type":"WebSite","@id":"https:\/\/faifaculdade.com.br\/portal\/#website","url":"https:\/\/faifaculdade.com.br\/portal\/","name":"FAI - Faculdade Irec\u00ea","description":"Portal da Faculdade Irec\u00ea","publisher":{"@id":"https:\/\/faifaculdade.com.br\/portal\/#organization"},"potentialAction":[{"@type":"SearchAction","target":{"@type":"EntryPoint","urlTemplate":"https:\/\/faifaculdade.com.br\/portal\/?s={search_term_string}"},"query-input":{"@type":"PropertyValueSpecification","valueRequired":true,"valueName":"search_term_string"}}],"inLanguage":"pt-BR"},{"@type":"Organization","@id":"https:\/\/faifaculdade.com.br\/portal\/#organization","name":"FAI - Faculdade Irec\u00ea","url":"https:\/\/faifaculdade.com.br\/portal\/","logo":{"@type":"ImageObject","inLanguage":"pt-BR","@id":"https:\/\/faifaculdade.com.br\/portal\/#\/schema\/logo\/image\/","url":"https:\/\/faifaculdade.com.br\/portal\/wp-content\/uploads\/2023\/04\/cropped-FAI.png","contentUrl":"https:\/\/faifaculdade.com.br\/portal\/wp-content\/uploads\/2023\/04\/cropped-FAI.png","width":3000,"height":1201,"caption":"FAI - Faculdade Irec\u00ea"},"image":{"@id":"https:\/\/faifaculdade.com.br\/portal\/#\/schema\/logo\/image\/"},"sameAs":["https:\/\/www.facebook.com\/faifaculdade","https:\/\/www.instagram.com\/faifaculdade\/"]}]}},"_links":{"self":[{"href":"https:\/\/faifaculdade.com.br\/portal\/wp-json\/wp\/v2\/pages\/3029","targetHints":{"allow":["GET"]}}],"collection":[{"href":"https:\/\/faifaculdade.com.br\/portal\/wp-json\/wp\/v2\/pages"}],"about":[{"href":"https:\/\/faifaculdade.com.br\/portal\/wp-json\/wp\/v2\/types\/page"}],"author":[{"embeddable":true,"href":"https:\/\/faifaculdade.com.br\/portal\/wp-json\/wp\/v2\/users\/1"}],"replies":[{"embeddable":true,"href":"https:\/\/faifaculdade.com.br\/portal\/wp-json\/wp\/v2\/comments?post=3029"}],"version-history":[{"count":16,"href":"https:\/\/faifaculdade.com.br\/portal\/wp-json\/wp\/v2\/pages\/3029\/revisions"}],"predecessor-version":[{"id":3076,"href":"https:\/\/faifaculdade.com.br\/portal\/wp-json\/wp\/v2\/pages\/3029\/revisions\/3076"}],"wp:attachment":[{"href":"https:\/\/faifaculdade.com.br\/portal\/wp-json\/wp\/v2\/media?parent=3029"}],"curies":[{"name":"wp","href":"https:\/\/api.w.org\/{rel}","templated":true}]}}